{"id":150,"date":"2019-09-20T19:16:37","date_gmt":"2019-09-20T19:16:37","guid":{"rendered":"http:\/\/saarland-spielbanken.de\/ssbweb\/?page_id=150"},"modified":"2019-09-22T13:30:42","modified_gmt":"2019-09-22T13:30:42","slug":"guide","status":"publish","type":"page","link":"https:\/\/saarland-spielbanken.de\/ssbweb\/poker\/guide\/","title":{"rendered":"Guide"},"content":{"rendered":"<div class=\"box\">\n<h4>Auslosung des Button Inhabers<\/h4>\n<p>Wenn gen\u00fcgend spielbereite Spieler (mind. 5) zur Tischer\u00f6ffnung<br \/>\nzusammen sind, wird der erste Button Inhaber ausgelost.<br \/>\nHierzu teilt der Dealer zuerst dem zu seiner Linken sitzenden<br \/>\nSpieler, dann jedem anderen Spieler eine offene Karte aus. Der<br \/>\nSpieler mit der h\u00f6chsten Karte (High Card by suit, d. h. in der<br \/>\nReihenfolge Kreuz, Caro, Herz, Pik) erh\u00e4lt den Dealer Button.<\/p>\n<h4>Grundeinsatz<\/h4>\n<p>Vor dem Initial-Deal (erste Kartenausgabe) muss der im<br \/>\nUhrzeigersinn erste Spieler nach dem Dealer Button den Small<br \/>\nBlind und der zweite Spieler den Big Blind bringen. Alle anderen<br \/>\nSpieler m\u00fcssen keinen Einsatz bringen.<\/p>\n<h4>Initial-Deal<\/h4>\n<p>Als Initial-Deal teilt der Dealer jedem Spieler zwei Hole Cards<br \/>\n(verdeckte Karten) aus, beginnend mit dem Spieler nach dem<br \/>\nDealer Button.<\/p>\n<h4>Erste Wettrunde<\/h4>\n<p>Der Spieler nach dem Big Blind erkl\u00e4rt sich als Erster.<br \/>\nEr hat die M\u00f6glichkeit zu:<\/p>\n<p>1. passen (fold)<br \/>\n2. den Einsatz in H\u00f6he des Big Blinds zu bringen (bet)<br \/>\n3. zu erh\u00f6hen (raise).<\/p>\n<p>Alle nachfolgenden Spieler, inklusive des Dealer Button Inhabers,<br \/>\nhaben nur diese drei M\u00f6glichkeiten sich zu erkl\u00e4ren.<\/p>\n<p>Der Spieler mit dem Big Blind hat, sobald er an der Reihe ist,<br \/>\neine weitere M\u00f6glichkeit:<br \/>\nWenn alle Spieler, die noch im Spiel sind, nur die H\u00f6he des Big<br \/>\nBlinds gebracht haben, so kann er eine weitere Runde er\u00f6ffnen,<br \/>\nindem er einen \u201eraise\u201c t\u00e4tigt (diese Option hat aber auch jeder<br \/>\nandere Spieler vor ihm). Im Spiel bleiben kann nur, wer am<br \/>\nEnde einer Wettrunde alle von den anderen Spielern dieser<br \/>\nWettrunde gebrachten Eins\u00e4tze ebenfalls gebracht hat.<br \/>\nHaben sich alle Spieler erkl\u00e4rt, ist die erste Wettrunde beendet<br \/>\nund der Dealer gibt den Flop (die ersten drei Gemeinschaftskarten)<br \/>\noffen auf den Tisch.<\/p>\n<h4>Zweite Wettrunde<\/h4>\n<p>Ab dieser Wettrunde und in den folgenden Runden spricht<br \/>\nimmer der Spieler nach dem Dealer Button als Erstes.<br \/>\nEr hat folgende M\u00f6glichkeiten:<\/p>\n<p>1. checken<br \/>\n2. passen<br \/>\n3. einen Einsatz in beliebiger H\u00f6he bringen (bet).<\/p>\n<p>Haben sich alle Spieler erkl\u00e4rt, gibt der Dealer den Turn (vierte<br \/>\nGemeinschaftskarte).<\/p>\n<h4>Dritte Wettrunde<\/h4>\n<p>Dasselbe Verfahren wie in der vorangegangenen Wettrunde.<br \/>\nNach Beendigung dieser Wettrunde gibt der Dealer die Rivercard<br \/>\n(f\u00fcnfte Gemeinschaftskarte).<\/p>\n<h4>Vierte Wettrunde<\/h4>\n<p>Dasselbe Verfahren wie in den letzten Wettrunden.<\/p>\n<h4>Showdown<\/h4>\n<p>Beim Showdown legen die noch im Spiel befindlichen Spieler<br \/>\ndie Pocketcards (verdeckte pers\u00f6nliche Karten) offen auf<br \/>\nden Tisch, und der Dealer erkl\u00e4rt unter Ber\u00fccksichtigung der<br \/>\nCommunity- und Pocketcards (Gemeinschafts- und verdeckte<br \/>\nKarten) den Spieler mit der besten Kombination aus f\u00fcnf Karten<br \/>\nzum Sieger.<\/p>\n<p>Ist nur noch ein Spieler vor Ende der<br \/>\nletzten Wettrunde im Spiel, weil alle<br \/>\nanderen gepasst haben, so erh\u00e4lt<br \/>\ndieser den Pot.<\/p>\n<h4>Showdown Reihenfolge<\/h4>\n<p>a) Haben in der letzten Wettrunde alle gecheckt, so beginnt<br \/>\nderjenige Spieler mit dem Showdown, der als Erster<br \/>\ngecheckt hatte.<\/p>\n<p>b) Wurde in der letzten Wettrunde nur gesetzt, nicht erh\u00f6ht,<br \/>\nbeginnt derjenige Spieler mit dem Showdown, der als Erster<br \/>\ngesetzt hatte.<\/p>\n<p>c) Wurde in der letzten Wettrunde erh\u00f6ht, so beginnt derjenige<br \/>\nSpieler mit dem Showdown, der als Letzter erh\u00f6ht hatte.<\/p>\n<p>Die \u00fcbrigen Bl\u00e4tter werden, vom \u201eShowdown-Beginner\u201c ausgehend,<br \/>\nim Uhrzeigersinn gezeigt.<\/p>\n<h4>Folgende Regeln sind zu beachten:<\/h4>\n<p>1. BuyIn: 100 Euro, Small Blind: 5 Euro, Big Blind: 10 Euro<br \/>\nVor Beginn des Spiels muss jeder Spieler das Mindest-Spielkapital<br \/>\nvon 100 Euro vor sich auf den Tisch legen.<br \/>\nIn den jeweiligen Wettrunden erfolgt die Erh\u00f6hung in Schritten<br \/>\nvon 10 Euro.<\/p>\n<p>2. Aufstocken und Reduzieren des \u201eTable Stakes\u201c:<br \/>\nAu\u00dfer f\u00fcr Spieleins\u00e4tze darf kein Spieler w\u00e4hrend einer<br \/>\nlaufenden Partie seinen Table Stake reduzieren. Ein Aufstocken<br \/>\nist nur zwischen den Spielen erlaubt, jedoch immer<br \/>\nmindestens in der H\u00f6he des jeweiligen Buy In-Minimums.<\/p>\n<p>3. Mindesth\u00f6he des \u201eTable Stakes\u201c:<br \/>\nVor jedem Spiel muss der Table Stake eines jeden Spielers<br \/>\nmindestens noch in der H\u00f6he des Big Blind sein. Ist dies<br \/>\nnicht der Fall, muss der Table Stake mindestens in der H\u00f6he<br \/>\ndes Buy In-Minimums aufgestockt werden.<\/p>\n<h4>Bedenkzeit<\/h4>\n<p>Jeder Spieler muss seine Entscheidungen in einer angemessenen<br \/>\nZeitspanne treffen. Auf Wunsch eines am Tisch sitzenden<br \/>\nSpielers muss ein Zeitlimit von einer Minute gesetzt werden.<br \/>\nDieses Zeitlimit wird vom Floorman gestoppt.<br \/>\nHat der Spieler nach dieser Minute keine Entscheidung getroffen,<br \/>\nso gilt er:<br \/>\na) als gecheckt, wenn er h\u00e4tte checken k\u00f6nnen<br \/>\nb) als gepasst, wenn er einen Einsatz h\u00e4tte bringen m\u00fcssen.<\/p>\n<h4>Fundamentale Begriffe:<\/h4>\n<p><b>Fold<\/b><br \/>\nNicht mehr mit dem Betrag des Mitspielers mitgehen.<br \/>\nDer Spieler, der foldet, ist aus dem Spiel.<\/p>\n<p><b>Check<\/b><br \/>\nKeinen Einsatz t\u00e4tigen.<\/p>\n<p><b>Bet<\/b><br \/>\nJetons in das Oval setzen.<\/p>\n<p><b>Raise<\/b><br \/>\nDen vorangegangenen Einsatz erh\u00f6hen.<\/p>\n<p><b>Call<\/b><br \/>\nMit dem Bet des Mitspielers mitgehen. Es ist n\u00f6tig mit<br \/>\ndem Bet mitzugehen, um im Spiel zu bleiben.<\/p>\n<p><b>Flop<\/b><br \/>\nAls Flop bezeichnet man die 3 offenen Karten, die vom<br \/>\nDealer vor der 2. Wettrunde gleichzeitig aufgelegt werden.<\/p>\n<p><b>Turn<\/b><br \/>\nDie 4. Gemeinschaftskarte, die vom Dealer vor der<br \/>\n3. Wettrunde aufgelegt wird.<\/p>\n<p><b>River<\/b><br \/>\nDie letzte Gemeinschaftskarte, die vom Dealer vor der<br \/>\n4. Wettrunde aufgelegt wird.<\/p>\n<p><b>Hole Card<\/b><br \/>\nEine verdeckt gegebene Karte.<\/p>\n<p><b>Pot<\/b><br \/>\nSumme aller Eins\u00e4tze, die w\u00e4hrend eines Spiels<br \/>\nget\u00e4tigt werden.<\/p>\n<p><b>Showdown<\/b><br \/>\nOffenlegung der Karten zur Ermittlung des Gewinners<br \/>\nam Spielende.<\/p>\n<h4>Gewinnkombinationen<\/h4>\n<p>Die Abbildungen sind Beispiele f\u00fcr Gewinnkombinationen, die<br \/>\nauch mit allen anderen Farben und Symbolen gebildet werden<br \/>\nk\u00f6nnen.<\/p>\n<div align=\"center\" style=\"float:none;\">\n<p><img loading=\"lazy\" decoding=\"async\" src=\"..\/custom\/poker\/guide\/highcard.png\" alt=\"\" width=\"535\" height=\"97\" style=\"float:none;\"><\/p>\n<p><img loading=\"lazy\" decoding=\"async\" src=\"..\/custom\/poker\/guide\/1pair.png\" alt=\"\" width=\"535\" height=\"97\" style=\"float:none;\"><\/p>\n<p><img loading=\"lazy\" decoding=\"async\" src=\"..\/custom\/poker\/guide\/2pair.png\" alt=\"\" width=\"535\" height=\"97\" style=\"float:none;\"><\/p>\n<p><img loading=\"lazy\" decoding=\"async\" src=\"..\/custom\/poker\/guide\/3kind.png\" alt=\"\" width=\"535\" height=\"97\" style=\"float:none;\"><\/p>\n<p><img loading=\"lazy\" decoding=\"async\" src=\"..\/custom\/poker\/guide\/straight.png\" alt=\"\" width=\"535\" height=\"97\" style=\"float:none;\"><\/p>\n<p><img loading=\"lazy\" decoding=\"async\" src=\"..\/custom\/poker\/guide\/flush.png\" alt=\"\" width=\"535\" height=\"97\" style=\"float:none;\"><\/p>\n<p><img loading=\"lazy\" decoding=\"async\" src=\"..\/custom\/poker\/guide\/fullhouse.png\" alt=\"\" width=\"535\" height=\"97\" style=\"float:none;\"><\/p>\n<p><img loading=\"lazy\" decoding=\"async\" src=\"..\/custom\/poker\/guide\/4kind.png\" alt=\"\" width=\"535\" height=\"97\" style=\"float:none;\"><\/p>\n<p><img loading=\"lazy\" decoding=\"async\" src=\"..\/custom\/poker\/guide\/straightflush.png\" alt=\"\" width=\"535\" height=\"97\" style=\"float:none;\"><\/p>\n<p><img loading=\"lazy\" decoding=\"async\" src=\"..\/custom\/poker\/guide\/royalflush.png\" alt=\"\" width=\"535\" height=\"97\" style=\"float:none;\"><\/p>\n<\/div>\n<\/div>\n","protected":false},"excerpt":{"rendered":"<p>Auslosung des Button Inhabers Wenn gen\u00fcgend spielbereite Spieler (mind. 5) zur Tischer\u00f6ffnung zusammen sind, wird der erste Button Inhaber ausgelost. Hierzu teilt [&hellip;]<\/p>\n","protected":false},"author":1,"featured_media":0,"parent":194,"menu_order":0,"comment_status":"closed","ping_status":"closed","template":"","meta":{"footnotes":""},"_links":{"self":[{"href":"https:\/\/saarland-spielbanken.de\/ssbweb\/wp-json\/wp\/v2\/pages\/150"}],"collection":[{"href":"https:\/\/saarland-spielbanken.de\/ssbweb\/wp-json\/wp\/v2\/pages"}],"about":[{"href":"https:\/\/saarland-spielbanken.de\/ssbweb\/wp-json\/wp\/v2\/types\/page"}],"author":[{"embeddable":true,"href":"https:\/\/saarland-spielbanken.de\/ssbweb\/wp-json\/wp\/v2\/users\/1"}],"replies":[{"embeddable":true,"href":"https:\/\/saarland-spielbanken.de\/ssbweb\/wp-json\/wp\/v2\/comments?post=150"}],"version-history":[{"count":1,"href":"https:\/\/saarland-spielbanken.de\/ssbweb\/wp-json\/wp\/v2\/pages\/150\/revisions"}],"predecessor-version":[{"id":151,"href":"https:\/\/saarland-spielbanken.de\/ssbweb\/wp-json\/wp\/v2\/pages\/150\/revisions\/151"}],"up":[{"embeddable":true,"href":"https:\/\/saarland-spielbanken.de\/ssbweb\/wp-json\/wp\/v2\/pages\/194"}],"wp:attachment":[{"href":"https:\/\/saarland-spielbanken.de\/ssbweb\/wp-json\/wp\/v2\/media?parent=150"}],"curies":[{"name":"wp","href":"https:\/\/api.w.org\/{rel}","templated":true}]}}