{"id":162,"date":"2019-09-20T19:21:33","date_gmt":"2019-09-20T19:21:33","guid":{"rendered":"http:\/\/saarland-spielbanken.de\/ssbweb\/?page_id=162"},"modified":"2019-09-22T13:07:46","modified_gmt":"2019-09-22T13:07:46","slug":"cashgame-ordnung","status":"publish","type":"page","link":"https:\/\/saarland-spielbanken.de\/ssbweb\/poker\/cashgame-ordnung\/","title":{"rendered":"Cashgame-Ordnung"},"content":{"rendered":"<div class=\"div_guide\">\n<h3>Hausordnung der Saarland Spielbank f\u00fcr das Cashgame<\/h3>\n<p>\nSpielbeginn: T\u00e4glich um 18 Uhr <\/p>\n<h4>Reservierung<\/h4>\n<h5>G\u00fcltigkeit und Dauer der Reservierung<\/h5>\n<p>Reservierungen werden ausschlie\u00dflich zur vorgesehenen Tischer\u00f6ffnung an der Rezeption angenommen. Es ist m\u00f6glich sich bereits f\u00fcr den n\u00e4chsten Spieltag anzumelden.<\/p>\n<p>Limitw\u00fcnsche werden beachtet, Platzw\u00fcnsche werden in der Reihenfolge der Anmeldung vergeben.<\/p>\n<p>Reservierungen verfallen bei Tischer\u00f6ffnung, danach erfolgt die Platzvergabe<br \/>\nnach Warteliste.<\/p>\n<p>Nach Spielbeginn erfolgt die Anmeldung ausschlie\u00dflich bei dem Floorman.<\/p>\n<h4>Spielvarianten<\/h4>\n<h5>No Limit<\/h5>\n<p>Die Wettbetr\u00e4ge sind nach unten durch die Blinds (Grundeins\u00e4tze), jedoch nicht nach oben begrenzt.<br \/>\nDie g\u00fcltigen Blindstufen sind 2\/4, 5\/5 und 5\/10. Die  Minimum Buy In-S\u00e4tze am Tisch:  <\/p>\n<ul>\n<li>  2\/4   sind 100\u20ac (max 1000\u20ac) <\/li>\n<li>5\/5    sind 200\u20ac<\/li>\n<\/ul>\n<h5>Taxe<\/h5>\n<p>Das Casino erh\u00e4lt f\u00fcr die Veranstaltung des Spiels eine Taxe, die vom Dealer erhoben wird. Die Taxe besteht aus einem festen Betrag, der jedem Pot einmalig nach Eintritt eines bestimmten Ereignisses entnommen wird. Der Dealer entnimmt dem Pot ab einer Gr\u00f6\u00dfe von 50\u20ac eine Taxe von 4\u20ac (Tischlimit 2\/4). Weitere 4\u20ac ab einer Potgr\u00f6\u00dfe von 200\u20ac. Am Tischlimit 5\/5 entnimmt der Dealer einmalig ab einer Potgr\u00f6\u00dfe von 100 10\u20ac. Sowie bei 5\/10 ab 100 10\u20ac.<\/p>\n<h5>Einstieg in eine laufende Partie<\/h5>\n<p>Der Gast muss sich beim Floorman anmelden und nennt diesem seine Blindw\u00fcnsche. Der Floorman weist dem Gast einen Tisch zu oder schreibt den Gast auf die Warteliste, sofern kein Platz frei ist.<\/p>\n<p>Steigt der neue Spieler in eine laufende Holdem Partie ein, gelten folgenden Bedingungen:<\/p>\n<ul>\n<li>Der Spieler muss im ersten Spiel den Big Blind bezahlen um einzusteigen, oder er wartet bis er im Big Blind sitzt.<\/li>\n<li>Er kann nicht als Small Blind, sowie zwischen Small Blind und Button einsteigen. Auch ein Einstieg im Button bzw. in bester Position (falls der Button nicht besetzt ist) ist nicht gestattet. <\/li>\n<\/ul>\n<h5>Tablestack<\/h5>\n<p>Vom Tablestack darf kein Geld entnommen werden, solange der Spieler noch weiter am Cashgame teilnehmen m\u00f6chte. Dies gilt auch bei Tisch- und Blindwechseln. Ausnahmen hierf\u00fcr sind kleine Betr\u00e4ge, um den Service zu bezahlen. Erh\u00f6hungen zwischen den einzelnen Spielen bis zum Tischmaximum sind erlaubt. <\/p>\n<h5>Tischwechsel<\/h5>\n<p>Wechselw\u00fcnsche m\u00fcssen beim Floorman rechtzeitig angesagt werden.<br \/>\nEin Tischwechsel zwischen den selben Limits ist nur dann erlaubt, wenn die Spieleranzahl nicht unter acht f\u00e4llt und die Balance der Tische gew\u00e4hrleistet ist. <\/p>\n<ul>\n<li> Ein Tischwechsel innerhalb der Blinds 2\/4 mit einem h\u00f6herem Tablestack als das Tischmaxium ist nicht erlaubt.<\/li>\n<li>Der Tischwechsel hat immer Vorrang  vor Neuanmeldungen.<\/li>\n<li>Es muss der Big Blind entrichtet werden bei Tischwechsel.<\/li>\n<li>Bei Must Move (Tischschlie\u00dfung) muss kein Blind entrichtet werden.<\/li>\n<li>Bei unterschiedlichen Limits besteht keine Tablebalance (2\/4 auf 5\/5). <\/li>\n<\/ul>\n<p>Der Gast hat am Abend einmal die M\u00f6glichkeit den Tisch innerhalb der gleichen Blinds zu wechseln.<\/p>\n<p>Ein Wechsel zu einem Tisch mit einem anderen Blindlevel ist auch nur einmal am Abend gestattet.<\/p>\n<h5>Sitzplatzwechsel<\/h5>\n<p>Ein Spieler kann am selben Tisch mehrmals seinen Sitzplatz wechseln. Sollte er sich dabei aber vom Button wegsetzen, so muss er direkt den Big Blind zahlen ohne auf diesen warten zu d\u00fcrfen.<\/p>\n<h5>Wiedereinstieg in eine Partie<\/h5>\n<p>Spieler, die ein Spiel verlassen und wieder zum Spiel zur\u00fcckkehren wollen, m\u00fcssen das Spiel mit mindestens demselben Chipwert wieder aufnehmen, mit dem sie das Spiel verlassen haben, jedoch nicht weniger als das Mindest-Buy-in. Der Spieler muss sich auch wieder \u00fcber die Warteliste beim Floorman anmelden.<\/p>\n<h5>Run it twice<\/h5>\n<p>Als <i><b>&#8222;Run it twice&#8220;<\/b><\/i> oder auch <i><b>&#8222;Deal it twice&#8220;<\/b><\/i>, bezeichnet man im Poker die M\u00f6glichkeit im Cash Game, dass Gemeinschaftskarten mehr als einmal gegeben werden.<\/p>\n<p>Einigen die Spieler sich darauf, mit &#8222;Run it twice&#8220; zu spielen, wird entweder der Turn, der River oder das ganze Board zweimal gegeben. Dies h\u00e4ngt vom Zeitpunkt ab, zu dem sich die Spieler auf  &#8222;Run it twice&#8220; einigen.<br \/>\nVoraussetzung hierf\u00fcr ist:<\/p>\n<ul>\n<li>Heads Up<\/li>\n<li>\u201eAll in\u201c eines der Spieler<\/li>\n<li>Beidseitiges Einigen auf &#8222;Run it twice&#8220; <\/li>\n<li>Der Pot muss mindestens 500\u20ac bei 2\/4 und mindestens1000\u20ac bei 5\/5 betragen.<\/li>\n<li>Wenn sich die Spieler einig sind, wird der Pot geteilt in Pot 1 mit dem Mainboard und in Pot 2 mit den gedealten &#8222;Run it twice&#8220;-Karten (Komplettes Board oder nur Turn und River oder nur der River). <\/li>\n<li>Danach findet f\u00fcr jedes Board eine separate Gewinnbildermittlung statt.<\/li>\n<\/ul>\n<h5>Pausen<\/h5>\n<p>Den G\u00e4sten am Cashgame ist es gestattet am Abend einmal eine Pause von maximal 30 min zu nehmen. Sollten sie nach Ablauf der Zeit nicht zur\u00fcck am Tisch sein, so steigen sie in der Big Blind Position wieder ein.  Ist der Gast nicht mehr aufzufinden, wird sein Platz neu vergeben.\n<\/p>\n<\/div>\n","protected":false},"excerpt":{"rendered":"<p>Hausordnung der Saarland Spielbank f\u00fcr das Cashgame Spielbeginn: T\u00e4glich um 18 Uhr Reservierung G\u00fcltigkeit und Dauer der Reservierung Reservierungen werden ausschlie\u00dflich zur [&hellip;]<\/p>\n","protected":false},"author":1,"featured_media":0,"parent":194,"menu_order":0,"comment_status":"closed","ping_status":"closed","template":"","meta":{"footnotes":""},"_links":{"self":[{"href":"https:\/\/saarland-spielbanken.de\/ssbweb\/wp-json\/wp\/v2\/pages\/162"}],"collection":[{"href":"https:\/\/saarland-spielbanken.de\/ssbweb\/wp-json\/wp\/v2\/pages"}],"about":[{"href":"https:\/\/saarland-spielbanken.de\/ssbweb\/wp-json\/wp\/v2\/types\/page"}],"author":[{"embeddable":true,"href":"https:\/\/saarland-spielbanken.de\/ssbweb\/wp-json\/wp\/v2\/users\/1"}],"replies":[{"embeddable":true,"href":"https:\/\/saarland-spielbanken.de\/ssbweb\/wp-json\/wp\/v2\/comments?post=162"}],"version-history":[{"count":1,"href":"https:\/\/saarland-spielbanken.de\/ssbweb\/wp-json\/wp\/v2\/pages\/162\/revisions"}],"predecessor-version":[{"id":163,"href":"https:\/\/saarland-spielbanken.de\/ssbweb\/wp-json\/wp\/v2\/pages\/162\/revisions\/163"}],"up":[{"embeddable":true,"href":"https:\/\/saarland-spielbanken.de\/ssbweb\/wp-json\/wp\/v2\/pages\/194"}],"wp:attachment":[{"href":"https:\/\/saarland-spielbanken.de\/ssbweb\/wp-json\/wp\/v2\/media?parent=162"}],"curies":[{"name":"wp","href":"https:\/\/api.w.org\/{rel}","templated":true}]}}