{"id":164,"date":"2019-09-20T19:22:19","date_gmt":"2019-09-20T19:22:19","guid":{"rendered":"http:\/\/saarland-spielbanken.de\/ssbweb\/?page_id=164"},"modified":"2023-08-01T12:21:42","modified_gmt":"2023-08-01T12:21:42","slug":"sozialkonzept","status":"publish","type":"page","link":"https:\/\/saarland-spielbanken.de\/ssbweb\/sozialkonzept\/","title":{"rendered":"Sozialkonzept"},"content":{"rendered":"<h3 style=\"text-align: center;\"><strong>Responsible Gaming<\/strong><\/h3>\n<p><img loading=\"lazy\" decoding=\"async\" class=\"wp-image-844 aligncenter\" src=\"https:\/\/saarland-spielbanken.de\/ssbweb\/wp-content\/uploads\/2022\/09\/viererbande.jpg\" alt=\"\" width=\"572\" height=\"572\" \/><\/p>\n<p>Der besondere Fokus des \u201eResponsibleGaming-Konzepts\u201c (engl. Verantwortungsvolles Spielen) liegt in der Pr\u00e4vention und Fr\u00fcherkennung eines problematischen Spielverhaltens. Im operativen Teil des Konzeptes liegt der Schwerpunkt auf den Interventionen, welche bei erkennbaren Anzeichen von problematischem Spielverhalten eingeleitet werden. Zur Erf\u00fcllung des gesetzlichen Auftrages werden Ziele f\u00fcr die einzelnen Prozesse definiert und \u00fcberpr\u00fcft.<\/p>\n<p>Spielsuchtpr\u00e4vention ist ein ernstes Anliegen f\u00fcr die Saarland-Spielbank GmbH. Die Belegschaft der Saarland-Spielbank GmbH ist f\u00fcr alle Belange des Spielbetriebs und speziell f\u00fcr die Erkennung von suchtgef\u00e4hrdeten Spielern ausgebildet. Die Saarland-Spielbank GmbH weist darauf hin, dass es &#8211; bei aller Faszination und Freude am Spiel &#8211; auch Risiken gibt. Exzessives Spiel kann zur Abh\u00e4ngigkeit und letztlich auch zur Sucht f\u00fchren. Betrachten Sie das Gl\u00fccksspiel als reine Freizeitbet\u00e4tigung. Gerne unterst\u00fctzen wir sie dabei, dass das Spielen bei uns ein Vergn\u00fcgen bleibt. Wir weisen vorsorglich darauf hin, dass ein gewisses Ma\u00df an Selbstverantwortung bei ihnen bleibt.<\/p>\n<h4><strong>Drei Phasen einer Spielsucht<\/strong><\/h4>\n<p><strong>1. Das positive Anfangsstadium \/ Gewinnphase<\/strong><br \/>\nIn dieser ersten Phase nimmt der Spieler vor allem die Gewinne wahr, die er erzielt. \u00a0Hier werden erste, zumeist positive, oft euphorische Erfahrungen mit Gl\u00fccksspielen wie Spielautomaten und Tischspielen (Roulette, Black Jack etc.) gemacht. Auftretende Gewinne werden meist auf das eigene Geschick oder K\u00f6nnen zur\u00fcckgef\u00fchrt anstatt auf den Zufall. Diese positiven Erfahrungen st\u00e4rken das Selbstbewusstsein der Spieler. Dies erh\u00f6ht deren Bereitschaft zum Weiterspielen. In dieser Phase steigt oft die Risikobereitschaft. Unweigerlich eintretende Verluste f\u00fchren vermehrt dazu, dass weitergespielt wird, um verlorenes Geld zur\u00fcckzugewinnen (Chasing). Die Risikobereitschaft der Spieler steigt meist noch weiter an.<\/p>\n<p><strong>2. Die Verlustphase<\/strong><br \/>\nDie Spieler verbringen immer mehr Zeit mit dem Spielen, die Eins\u00e4tze werden h\u00f6her und die Risikobereitschaft steigt zunehmend. Unweigerlich kommt es in dieser Phase zu immer h\u00f6heren Verlusten und zum verst\u00e4rkten Chasing. Sie spielen weiter und setzen dabei immer h\u00f6here Summen ein, um das verlorene Geld wieder zur\u00fcckzugewinnen. In diesem Abschnitt beginnt die schleichende Distanzierung von Familie und Freunden. Die Spielenden isolieren sich zunehmend. Sie sind aber davon \u00fcberzeugt, ihre Schuldensituation wieder in den Griff zu bekommen. Und: \u201eSobald ich keine Schulden mehr habe, h\u00f6re ich mit Spielen auf\u201c ist eine typische Aussage in dieser Phase.<\/p>\n<p><strong>3. Die Verzweiflungsphase<\/strong><br \/>\nZu guter Letzt wird das Spielen zur beherrschenden Ganztagesbesch\u00e4ftigung, alles andere wird verdr\u00e4ngt. Der Verlust von Beziehungen, Familie und der Arbeit k\u00f6nnen die Folgen sein. Problematisches Spielen geht flie\u00dfend in die Spielsucht \u00fcber. Die genannten Phasen sind musterhaft beschrieben. Deren Abfolge oder die Art der \u00dcberg\u00e4nge k\u00f6nnen individuell variieren.<\/p>\n<p>Tipps f\u00fcr betroffene Familien und Angeh\u00f6rige<\/p>\n<ul>\n<li>Leihen Sie Ihrem spielenden Partner oder Bekannten kein Geld.<\/li>\n<li>\u00dcbernehmen Sie keine Kredite<\/li>\n<li>Zahlen Sie\u00a0keine Rechnungen<\/li>\n<li>Vereinbaren Sie die R\u00fcckzahlung der Schulden, falls die Person bereits Geld von Ihnen ausgeliehen hat.<\/li>\n<li>Wenden sie sich an eine Fachstelle oder an uns, denn wir und auch Fachstellen sind auch f\u00fcr Angeh\u00f6rige da.<\/li>\n<\/ul>\n<h4><\/h4>\n<h4 style=\"text-align: left;\"><strong>Responsible Gaming<\/strong><\/h4>\n<p>F\u00fcr die Planung, Organisation und Umsetzung des Responsible-Gaming-Konzepts steht ein Team der Saarland-Spielbank GmbH zur Verf\u00fcgung. Suchtgef\u00e4hrdete Spieler und deren Angeh\u00f6rige k\u00f6nnen sich jederzeit an dieses Team wenden. Die Saarland-Spielbank GmbH arbeitet mit der \u201eLandesfachstelle Gl\u00fccksspielsucht\u201c des Saarlandes unter der Tr\u00e4gerschaft des Caritasverbandes Saarbr\u00fccken zusammen.<\/p>\n<p>Kontakt:<\/p>\n<p><strong>Saarland-Spielbanken<\/strong><\/p>\n<p><a href=\"mailto:spielerschutz@saarland-spielbanken.de\">spielerschutz@saarland-spielbanken.de<\/a><\/p>\n<p>Telefon +49(0)1735902909<\/p>\n<p><strong>OASIS Spielersperrsystem<\/strong><\/p>\n<p><a href=\"https:\/\/rp-darmstadt.hessen.de\/sicherheit-und-kommunales\/gluecksspiel\/spielersperrsystem-oasis\/spieler-faqs\" target=\"_blank\" rel=\"noopener\">Spielersperrsystem OASIS (Spieler FAQs und Formulare)<\/a><\/p>\n<p>spieleranfragenoasis@rpda.hessen.de<\/p>\n<p>Telefon +49 (0) 615 11 25 465<\/p>\n<p><strong>Psychosoziale Beratungs- und Behandlungsstelle<\/strong><\/p>\n<p>Haus der Caritas<\/p>\n<p>Johannisstr. 2<\/p>\n<p>D-66111 Saarbr\u00fccken<\/p>\n<p>Telefon +49 (0) 681 \u2013 30 90 650<\/p>\n<p>Telefax +49 (0) 861 \u2013 30 90 652<\/p>\n<p>email:<br \/>\n<a href=\"mailto:psb@caritas-saarbruecken.de\">psb@caritas-saarbruecken.de<\/a><\/p>\n<p>Au\u00dferdem bietet die Bundeszentrale f\u00fcr gesundheitliche Aufkl\u00e4rung (BzgA) eine Hotline f\u00fcr betroffene und deren Angeh\u00f6rige an.<\/p>\n<p><a href=\"https:\/\/www.check-dein-spiel.de\/\">S\u00fcchtig nach Gl\u00fccksspiel? &#8211; CHECK DEIN SPIEL. (check-dein-spiel.de)<\/a><\/p>\n<p><img loading=\"lazy\" decoding=\"async\" class=\" wp-image-855 aligncenter\" src=\"https:\/\/saarland-spielbanken.de\/ssbweb\/wp-content\/uploads\/2022\/09\/telefon.png\" alt=\"\" width=\"467\" height=\"222\" \/><\/p>\n<p><strong>Testen sie sich selbst<\/strong><\/p>\n<p><a href=\"http:\/\/saarland-spielbanken.de\/ssbweb\/custom\/sozialkonzept\/check.pdf\">Zum Download:<br \/>\n20-Punkte-Checkliste (PDF, 16kB)<\/a><\/p>\n<p>(Zum Ansehen der Checkliste klicken Sie einfach hier, zum Download klicken Sie mit der rechten Maustaste, dann \u201eZiel speichern unter\u2026\u201c)<\/p>\n<p><strong>Spielsperre<\/strong><\/p>\n<p>Wenn Sie sich vorsorglich sperren lassen m\u00f6chten, k\u00f6nnen Sie dies entweder im pers\u00f6nlichen Gespr\u00e4ch oder mit unserem Vordruck \u201eSperrantrag\u201c auf dieser Seite. In besonderen F\u00e4llen behalten wir uns vor, einseitig Spielsperren auszusprechen. Dies geschieht nach R\u00fccksprache mit unserem Responsible-Gaming-Team, sobald Grund zur Annahme besteht, dass ein Gast sein Spielverhalten nicht mehr unter Kontrolle hat.<\/p>\n<p><strong>Vordruck Sperrantrag<\/strong><\/p>\n<p><a href=\"http:\/\/saarland-spielbanken.de\/ssbweb\/custom\/sozialkonzept\/Sperrantrag.pdf\">Zum Download:<br \/>\nAntrag auf Spielsperre (PDF)<\/a><br \/>\n(Zum Ansehen des Antrags auf Spielsperre klicken Sie einfach hier, zum Download klicken Sie mit der rechten Maustaste, dann \u201eZiel speichern unter\u2026\u201c)<\/p>\n","protected":false},"excerpt":{"rendered":"<p>Responsible Gaming Der besondere Fokus des \u201eResponsibleGaming-Konzepts\u201c (engl. Verantwortungsvolles Spielen) liegt in der Pr\u00e4vention und Fr\u00fcherkennung eines problematischen Spielverhaltens. Im operativen Teil [&hellip;]<\/p>\n","protected":false},"author":1,"featured_media":0,"parent":0,"menu_order":0,"comment_status":"closed","ping_status":"closed","template":"page-templates\/page_fullwidth.php","meta":{"footnotes":""},"_links":{"self":[{"href":"https:\/\/saarland-spielbanken.de\/ssbweb\/wp-json\/wp\/v2\/pages\/164"}],"collection":[{"href":"https:\/\/saarland-spielbanken.de\/ssbweb\/wp-json\/wp\/v2\/pages"}],"about":[{"href":"https:\/\/saarland-spielbanken.de\/ssbweb\/wp-json\/wp\/v2\/types\/page"}],"author":[{"embeddable":true,"href":"https:\/\/saarland-spielbanken.de\/ssbweb\/wp-json\/wp\/v2\/users\/1"}],"replies":[{"embeddable":true,"href":"https:\/\/saarland-spielbanken.de\/ssbweb\/wp-json\/wp\/v2\/comments?post=164"}],"version-history":[{"count":21,"href":"https:\/\/saarland-spielbanken.de\/ssbweb\/wp-json\/wp\/v2\/pages\/164\/revisions"}],"predecessor-version":[{"id":895,"href":"https:\/\/saarland-spielbanken.de\/ssbweb\/wp-json\/wp\/v2\/pages\/164\/revisions\/895"}],"wp:attachment":[{"href":"https:\/\/saarland-spielbanken.de\/ssbweb\/wp-json\/wp\/v2\/media?parent=164"}],"curies":[{"name":"wp","href":"https:\/\/api.w.org\/{rel}","templated":true}]}}