{"id":166,"date":"2019-09-20T19:22:54","date_gmt":"2019-09-20T19:22:54","guid":{"rendered":"http:\/\/saarland-spielbanken.de\/ssbweb\/?page_id=166"},"modified":"2022-09-13T14:47:27","modified_gmt":"2022-09-13T14:47:27","slug":"videoueberwachung","status":"publish","type":"page","link":"https:\/\/saarland-spielbanken.de\/ssbweb\/videoueberwachung\/","title":{"rendered":"Video\u00fcberwachung"},"content":{"rendered":"<p>Name und Kontaktdaten des Verantwortlichen und ggf. seines Vertreters<br \/>\nSaarland Spielbank GmbH<br \/>\nGF, S. Pauluhn ; GF, P. Strobel<br \/>\nSaaruferstr.17<br \/>\nD-66117 Saarbr\u00fccken<\/p>\n<p>Kontaktdaten des Datenschutzbeauftragten:<br \/>\nGem\u00e4\u00df Art. 37 DSGVO<br \/>\nWerner Schwegel,<br \/>\nADD IT &amp; Consulting GmbH,<br \/>\nUntert\u00fcrkheimerstr. 24,<br \/>\nD-66117 Saarbr\u00fccken<br \/>\ndsb@add.de<\/p>\n<p>Rechtsgrundlage de Datenverarbeitung:<br \/>\n&#8211; Art. 6 Abs. 1 lit. F DSGVO<br \/>\n&#8211; \u00a7 4 BDSG (neu)<\/p>\n<p>Zweck der Datenverarbeitung,<br \/>\nBerechtigte Interessen, insbesondere:<br \/>\n&#8211; Wahrung des Hausrechtes<br \/>\n&#8211; Schutz von Personen und Sachen<br \/>\n&#8211; Vermeidung von Sachbesch\u00e4digungen (Vandalismus)<br \/>\n&#8211; Beweissicherung, zur Abwehr von unberechtigten Forderungen<br \/>\n&#8211; Erkennen von Manipulation versuchen an technischen Anlagen<\/p>\n<p>Speicherdauer oder Kriterien zur Festlegung der Dauer:<br \/>\n96 Stunden oder bis zum Erreichen des verfolgten Zweckes, in den Spiels\u00e4len der Saarland Spielbank<br \/>\nGmbH, auf Basis des \u00a7 11 Abs. 4 SpielbG-Saar.<\/p>\n<p>Empf\u00e4nger oder Kategorien von Empf\u00e4nger der Daten:<br \/>\nEine Daten\u00fcbermittlung findet grunds\u00e4tzlich nicht statt, es sei denn eine Weitergabe ist aufgrund<br \/>\ngesetzlicher Vorschriften oder zur Auftragserf\u00fcllung zwingend erforderlich. In diesem Fall werden<br \/>\nBetroffene dar\u00fcber informiert, sofern dies mit verh\u00e4ltnism\u00e4\u00dfigem Aufwand m\u00f6glich ist oder diese<br \/>\nnicht bereits Kenntnis dar\u00fcber haben.<\/p>\n<p>Hinweis auf Rechte der Betroffenen<br \/>\nDie betroffene Person hat das Recht, von dem Verantwortlichen eine Best\u00e4tigung dar\u00fcber zu<br \/>\nverlangen, ob sie betreffende personenbezogene Daten verarbeitet werden. Ist dies der Fall, so hat<br \/>\nsie ein Recht auf Auskunft \u00fcber diese personenbezogenen Daten und auf die in Art. 15 DSGVO im<br \/>\neinzelnen aufgef\u00fchrten Informationen.<br \/>\nDie betroffene Person hat das Recht, vom dem Verantwortlichen unverz\u00fcglich die Berichtigung sie<br \/>\nbetreffender unrichtiger personenbezogener Daten und ggf. die Vervollst\u00e4ndigung unvollst\u00e4ndiger<br \/>\npersonenbezogener Daten zu verlangen (Art.16 DSGVO).<\/p>\n<p>Die betroffene Person hat das Recht, von dem Verantwortlichen zu verlangen, dass sie betreffende<br \/>\npersonenbezogene Daten unverz\u00fcglich l\u00f6scht werden, sofern einer der Art. 17 DSGVO im einzelnen<br \/>\naufgef\u00fchrte Gr\u00fcnde zutrifft und kein anderes Gesetz dagegenspricht, z.B. wenn die Daten f\u00fcr den<br \/>\nverfolgten Zweck nicht mehr ben\u00f6tigt werden (Recht auf L\u00f6schung).<\/p>\n<p>Die betroffene Person hat das Recht, von dem Verantwortlichen die Einschr\u00e4nkung der Verarbeitung<br \/>\nzu verlangen, wenn eine in Art. 18 DSGVO aufgef\u00fchrte Voraussetzung gegeben ist, z.B. wenn die<br \/>\nbetroffene Person Widerspruch gegen die Verarbeitung eingelegt hat, f\u00fcr die Dauer der Pr\u00fcfung<br \/>\ndurch den Verantwortlichen.<\/p>\n<p>Die betroffene Person hat das Recht, aus Gr\u00fcnden, die sich aus der besonderen Situation ergeben,<br \/>\njederzeit gegen die Verarbeitung sie betreffender personenbezogener Daten Widerspruch<br \/>\neinzulegen. Der Verantwortliche verarbeitet die personenbezogenen Daten dann nicht mehr, es sei<br \/>\ndenn, er kann zwingende schutzw\u00fcrdige Gr\u00fcnde f\u00fcr die Verarbeitung nachweisen, die die Interessen,<br \/>\nRechte und Freiheiten der betroffenen Personen \u00fcberwiegen, oder die Verarbeitung dient der<br \/>\nGeltendmachung, Aus\u00fcbung oder Verteidigung von Rechtsanspr\u00fcchen (Art. 21 DSGVO).<\/p>\n<p>Jede betroffene Person hat unbeschadet eines anderweitigen verwaltungsrechtlichen oder<br \/>\ngerichtlichen Rechtsbehelfs das Recht auf Beschwerde bei der Aufsichtsbeh\u00f6rde, wenn die<br \/>\nbetroffene Person der Ansicht ist, dass die Verarbeitung der sie betreffenden personenbezogenen<br \/>\nDaten gegen die DSGVO verst\u00f6\u00dft (Art. 77 DSGVO). Die betroffene Person kann dieses Recht bei einer<br \/>\nAufsichtsbeh\u00f6rde in dem Mitgliedstaat ihres Aufenthaltsortes, ihres Arbeitsplatzes oder des Ortes<br \/>\nmutma\u00dflichen Versto\u00dfes geltend machen.<\/p>\n<p>Im Saarland ist die zust\u00e4ndige Aufsichtsbeh\u00f6rde:<br \/>\nUnabh\u00e4ngiges Datenschutzzentrum Saarland<br \/>\nLandesbeauftragter f\u00fcr den Datenschutz und Informationsfreiheit<br \/>\nFritz-Dobisch Stra\u00dfe 12<br \/>\nD-66111 Saarbr\u00fccken<\/p>\n","protected":false},"excerpt":{"rendered":"<p>Name und Kontaktdaten des Verantwortlichen und ggf. seines Vertreters Saarland Spielbank GmbH GF, S. Pauluhn ; GF, P. Strobel Saaruferstr.17 D-66117 Saarbr\u00fccken [&hellip;]<\/p>\n","protected":false},"author":1,"featured_media":0,"parent":0,"menu_order":0,"comment_status":"closed","ping_status":"closed","template":"","meta":{"footnotes":""},"_links":{"self":[{"href":"https:\/\/saarland-spielbanken.de\/ssbweb\/wp-json\/wp\/v2\/pages\/166"}],"collection":[{"href":"https:\/\/saarland-spielbanken.de\/ssbweb\/wp-json\/wp\/v2\/pages"}],"about":[{"href":"https:\/\/saarland-spielbanken.de\/ssbweb\/wp-json\/wp\/v2\/types\/page"}],"author":[{"embeddable":true,"href":"https:\/\/saarland-spielbanken.de\/ssbweb\/wp-json\/wp\/v2\/users\/1"}],"replies":[{"embeddable":true,"href":"https:\/\/saarland-spielbanken.de\/ssbweb\/wp-json\/wp\/v2\/comments?post=166"}],"version-history":[{"count":3,"href":"https:\/\/saarland-spielbanken.de\/ssbweb\/wp-json\/wp\/v2\/pages\/166\/revisions"}],"predecessor-version":[{"id":789,"href":"https:\/\/saarland-spielbanken.de\/ssbweb\/wp-json\/wp\/v2\/pages\/166\/revisions\/789"}],"wp:attachment":[{"href":"https:\/\/saarland-spielbanken.de\/ssbweb\/wp-json\/wp\/v2\/media?parent=166"}],"curies":[{"name":"wp","href":"https:\/\/api.w.org\/{rel}","templated":true}]}}