{"id":246,"date":"2019-09-22T13:09:51","date_gmt":"2019-09-22T13:09:51","guid":{"rendered":"http:\/\/saarland-spielbanken.de\/ssbweb\/?page_id=246"},"modified":"2019-09-22T13:10:24","modified_gmt":"2019-09-22T13:10:24","slug":"pokerordnung","status":"publish","type":"page","link":"https:\/\/saarland-spielbanken.de\/ssbweb\/poker\/pokerordnung\/","title":{"rendered":"Pokerordnung"},"content":{"rendered":"\n<div class=\"div_guide\">\n  <!--br\/> \n\n<h3>Floormen<\/h3>\n\n       Aufsichtspersonen (Floormen) sind gehalten, ihre Entscheidungen in erster        Linie im Sinne des Spiels und der Fairness zu treffen. Ungew\u00f6hnliche        Umst\u00e4nde k\u00f6nnen in Einzelf\u00e4llen dazu f\u00fchren, dass die Regeln im Sinne eines        fairen Spiels nicht strikt ausgelegt werden.               Entscheidungen zu Sonderf\u00e4llen, die nicht in diesem Reglement erfasst sind,        trifft der Floorman. Diese Entscheidungen sind Tatsachenentscheidungen und        somit endg\u00fcltig.                            \n\n<h3>Techn. Hilfsmittel<\/h3>\n\n       Techn. Hilfsmittel zur Chancenberechnung sind nicht zugelassen. Telefonieren ist am Spieltisch nicht gestattet.                            \n\n<h3>Sichtbarkeit der Jetons und der Karten<\/h3>\n\n       Alle Chips m\u00fcssen jederzeit offen sichtbar sein. Turnierchips in einer Tasche zu halten,        ist den Spielern zu keinem Zeitpunkt erlaubt. Steckt ein Spieler Chips in eine Tasche,        b\u00fc\u00dft er diese Chips ein. Eingeb\u00fc\u00dfte Chips werden aus dem Spiel entfernt.       Die pers\u00f6nlichen Karten m\u00fcssen f\u00fcr den Dealer sichtbar auf dem Tisch liegen.                            \n\n<h3>Verbale Ansagen<\/h3>\n\n       Verbale Ansagen im eigenen Zug sind bindend. Aktionen au\u00dfer der Reihe k\u00f6nnen bindend sein.        Ein Spieler, der au\u00dfer der Reihe setzt, muss diesen Betrag setzen,        wenn alle Spieler vor ihm checken. Falls einer der Spieler vor demjenigen,        der au\u00dfer der Reihe gesetzt hat, einen Betrag setzt, ganz gleich welchen,        so hat der Spieler, der au\u00dfer der Reihe gesetzt hat, wieder die freie Wahl auszusteigen,        gleichzuziehen oder zu erh\u00f6hen.                            \n\n<h3>Ungen\u00fcgendes Mitgehen<\/h3>\n\n       Ein Spieler, der eine Erh\u00f6hung nicht bemerkt hat, kann seinen Satz zur\u00fcckziehen,        solange noch niemand nach ihm gehandelt hat.                            \n\n<h3>Zeitbegrenzung<\/h3>\n\n       Bitte um Zeitbegrenzung (calling for the clock): Sobald um eine Zeitbegrenzung gebeten wird,        hat der aktuelle Spieler noch eine Minute Zeit, eine Entscheidung zu treffen.        Wenn am Ende dieser Minute keine Aktion durchgef\u00fchrt wurde, wird sein Blatt f\u00fcr tot erkl\u00e4rt bzw.        als \u201echeck\u201c gewertet.                            \n\n<h3>Tischwechsel<\/h3>\n\n       Spieler, die von einem aufgel\u00f6sten Tisch kommen um einen Sitzplatz einzunehmen,        \u00fcbernehmen die Rechte und Pflichten dieses Sitzplatzes.        Ihnen kann der Big Blind oder irgendeine andere Position zugewiesen werden.        Die Positionen, an denen ein Spieler kein Blatt bekommen kann, sind im Small Blind,        im Button und zwischen Small Blind und Button.                            \n\n<h3>Chip Race<\/h3>\n\n       Das Chip Race beginnt immer bei Platz 1. Ein Spieler kann maximal einen Jeton erhalten.        Ein Spieler kann nicht durch ein Chip Race aus dem Turnier ausscheiden.        In dem Fall, dass ein Spieler nur noch einen Jeton \u00fcbrig hat, wird das Chip Race normal durchgef\u00fchrt.        Sollte der Spieler nun das Chip Race verlieren,        erh\u00e4lt er automatisch ein St\u00fcck von der kleinsten im Spiel befindlichen Jetoneinheit.                            \n\n<h3>Exposing cards<\/h3>\n\n       Zeigt ein Spieler w\u00e4hrend des Spiels seine Karten, so wird er verbal verwarnt,        sein Blatt wird jedoch nicht f\u00fcr tot erkl\u00e4rt.        Im Wiederholungsfall wird der Spieler mit einer Zeitstrafe belegt.                             \n\n<h3>Raise Regeln<\/h3>\n\n       In No-Limit-Spielen m\u00fcssen Spieler bei einer Erh\u00f6hung ihre Chips entweder in einer Bewegung an die Linie legen        oder vorher m\u00fcndlich den Betrag der Erh\u00f6hung ank\u00fcndigen. Wenn der Betrag m\u00fcndlich angek\u00fcndigt wird,        k\u00f6nnen mehrere Bewegungen gemacht werden. Ein Spieler kann \u201eraise\u201c oder \u201eerh\u00f6he\u201c sagen,        den exakten Betrag bereitlegen und diesen dann in einer Bewegung an die Linie legen.                            \n\n<h3>Penalty<\/h3>\n\n       Ein Penalty <b>kann<\/b> ausgesprochen werden, wenn ein Spieler:\n\n       die Karten \u00f6ffnet oder herzeigt, obwohl es noch Aktion(en) gibt\n\n       Jetons einsteckt\n\n       Karten vom Tisch wirft\n\n       Karten besch\u00e4digt\n\n       gegen die \u201eein Spieler pro Hand\u201c-Regel verst\u00f6\u00dft\n\n       fremde Karten oder Jetons ber\u00fchrt\n\n       Infos \u00fcber aktive oder gepasste Karten preisgibt\n\n       anderen G\u00e4sten w\u00e4hrend des Spiels seine Karten zeigt\n\n       vorzeitig setzt\n\n       das Spiel analysiert, solange noch eine Aktion m\u00f6glich ist\n\n       vor dem Showdown \u00fcber die Hand spricht\n\n       eine andere Sprache wie deutsch, franz\u00f6sisch oder englisch benutzt.\n\n       Ein Penalty <b>muss<\/b> ausgesprochen werden bei Falschspiel.\n\n       <br \/>       Es obliegt der Turnierleitung die H\u00f6he des Penalty (von einer Button-Runde bis zu einer Disqualifikation) festzulegen.        F\u00fcr die Dauer des Penalty hat der Spieler den Tisch zu verlassen. Bei einer Disqualifikation werden die Jetons eingezogen.                            \n\n<h3>Rebuy<\/h3>\n\n       In einem Rebuy \u2013 Turnier d\u00fcrfen Spieler keine Spielrunde verpassen.        Wenn ein Spieler sich nicht neu einkauft, bevor neue Karten ausgegeben werden,        kann er sich nicht mehr neu einkaufen und scheidet aus dem Turnier aus.        Er kann danach auch nicht mehr neu einsteigen.                            \n\n<h3>Ungesch\u00fctzte Hand <\/h3>\n\n       Ungesch\u00fctztes Blatt: Wenn ein Dealer ein ungesch\u00fctztes Blatt als weggeworfen betrachtet,        steht dem Spieler keine Wiedergutmachung zu, und es wird ihm kein Geld zur\u00fcckerstattet.                             \n\n<h3>Playing the board<\/h3>\n\n       Um einen Anspruch auf einen Teil des Pots zu haben, muss ein Spieler bei        \u201ePlaying the board\u201c beide Karten \u00f6ffnen.                            \n\n<h3>Vernichten der Siegerhand<\/h3>\n\n       Sollte eine offensichtlich gewinnende Hand vom Dealer w\u00e4hrend des Showdowns irrt\u00fcmlich eingezogen werden,        gewinnt diese trotzdem den Pot. Um solche Fehler zu berichtigen ist die Unterst\u00fctzung der Spieler willkommen.                            \n\n<h3>Showdown<\/h3>\n\n       Im Showdown muss der Spieler, der den letzten Satz gemacht hat, als erster seine Karten \u00f6ffnen.        Erfolgt kein Einsatz muss der Spieler links vom Button die Karten als Erster \u00f6ffnen.                            \n\n<h3>Verhaltenskodex<\/h3>\n\n       Jeder Spieler, Dealer und Floorman ist verpflichtet, Fehler und Ungereimtheiten anzuzeigen.        Zudem ist von jedermann zu ber\u00fccksichtigen, dass Fehler nicht ausgeschlossen werden k\u00f6nnen.<br \/>       Es wird von jedermann verlangt, sich in solchen Situationen respektvoll gegen\u00fcber den anderen beteiligten Personen zu verhalten.\n\n       Beleidigungen von Mitspielern und der Gebrauch von Schimpfw\u00f6rtern f\u00fchren zu einer Verwarnung des Spielers        und k\u00f6nnen im Wiederholungsfall die Disqualifikation zur Folge haben. Die Turnierleitung entscheidet endg\u00fcltig.\n\n       In der Entscheidungsfindung sollten die Dealer, der Floorman und die Turnierleitung im Interesse des Spiels die Fairness als wichtigste Richtlinie ansehen.        Sie sind berechtigt Verwarnungen auszusprechen, wenn sich Spieler nicht den Regeln entsprechend oder sonst in unzumutbarer Weise verhalten,        auch wenn dies in diesem Regelwerk nicht explizit vorgesehen ist. Turnierverweise sind das letzte Mittel,        um im Interesse des Spiels und der Teilnehmer den geregelten Fortgang des Turniers erm\u00f6glichen. Turnierverweise d\u00fcrfen nur von der Turnierleitung ausgesprochen werden.        Die Entscheidungen der Turnierleitung sind endg\u00fcltig und nicht anfechtbar.\n\n       Durch Anmeldung werden diese Regeln vom  Spieler anerkannt. Bei einem Regelversto\u00df kann der Teilnehmer von der Turnierleitung ausgeschlossen werden.        Der Teilnehmer hat bei Ausschluss keinen Anspruch auf R\u00fcckerstattung des get\u00e4tigten Buy In.                               Saarbr\u00fccken, im Januar 2010\n\n       Saarland Spielbanken<br \/>       Technische Leitung   !--> <p><\/p>\n<h3>Hausordnung der Saarland Spielbank: Poker <\/h3>\n<p><\/p>\n<h4>Floorman<\/h4>\n<p>Die Aufsichtsperson (Floorman) ist gehalten, ihre Entscheidungen in erster Linie im Sinne des Spiels und der Fairness zu treffen. Ungew\u00f6hnliche Umst\u00e4nde k\u00f6nnen in Einzelf\u00e4llen dazu f\u00fchren, dass die Regeln im Sinne eines fairen Spiels nicht strikt ausgelegt werden. Entscheidungen zu Sonderf\u00e4llen, die nicht in diesem Reglement erfasst sind, trifft der Floorman. Diese Entscheidungen sind Tatsachenentscheidungen und somit endg\u00fcltig.<\/p>\n<h4>W\u00e4hrend des Spiels ist folgendes untersagt:<\/h4>\n<ul>\n<li>\tDas Benutzen elektronischer Ger\u00e4te ( Handy, MP3 Player etc..). Bei Zuwiderhandlung erfolgt ein Penalty von 20 Minuten Pause. Bei erneutem Benutzen Spielausschluss !<\/li>\n<li>\tDas Essen von Fingerfood oder sonstiger Speisen<\/li>\n<li>\tDas Stellen von Getr\u00e4nken  auf den Tisch<\/li>\n<li>\tDas Beleidigen von Mitspielern oder Personal<\/li>\n<li>\tDas absichtliche Besch\u00e4digen bzw. Zerst\u00f6ren der Karten (wird geahndet) <\/li>\n<li>\tGeldscheine am Tisch (mit Ausnahme von 500\u20ac-Scheinen)<\/li>\n<\/ul>\n<p><\/p>\n<h4>Sichtbarkeit der Jetons und der Karten<\/h4>\n<p>Alle Chips m\u00fcssen jederzeit offen sichtbar sein. Die pers\u00f6nlichen Karten m\u00fcssen f\u00fcr den Dealer sichtbar auf dem Tisch liegen.<br>\nEs ist nicht erlaubt, w\u00e4hrend einer Partie Jetons vom Tablestack zu entfernen.<\/p>\n<h4>Verbale Ansagen<\/h4>\n<p>Verbale Ansagen im eigenen Zug sind bindend. <\/p>\n<h4>Aktionen au\u00dfer der Reihe<\/h4>\n<p>Aktionen au\u00dfer der Reihe k\u00f6nnen bindend sein. Ein Spieler, der au\u00dfer der Reihe setzt, muss diesen Betrag setzen, wenn alle Spieler vor ihm checken bzw. callen. Falls einer der Spieler vor demjenigen, der au\u00dfer der Reihe gesetzt hat, ein Bet bzw. ein Raise gesetzt hat, so hat der Spieler, der au\u00dfer der Reihe gesetzt hat, wieder die freie Wahl auszusteigen, gleichzuziehen oder zu erh\u00f6hen.<\/p>\n<h4>Ungen\u00fcgendes Mitgehen<\/h4>\n<p>Ein Spieler, der in der Action ist und eine Erh\u00f6hung bzw. ein Bet nicht bemerkt hat, und einen unzureichenden Betrag \u00fcber die Linie wirft, darf diesen nicht mehr zur\u00fccknehmen. Er hat nur die M\u00f6glichkeit den erforderlichen Betrag nachzuzahlen oder die Karten wegzuwerfen ohne seinen Einsatz wieder zu bekommen.<\/p>\n<h4>Ungen\u00fcgender Raise<\/h4>\n<p>Wurde bereits ein Einsatz get\u00e4tigt und ein Spieler hat die Absicht zu raisen, sagt dieses aber nicht an und wirft nicht mindestens den doppelten Betrag \u00fcber die Linie, so ist dies immer nur ein Call.<\/p>\n<p><b>Generell gilt:<\/b><\/p>\n<p>Ein St\u00fcck \u00fcber die Linie zu werfen gilt ohne Ansage immer als Call.<\/p>\n<p>Liegen mehrere St\u00fccke hinter der Linie, ist dies bei ausreichender Summe immer als Raise zu werten. So fern der Spieler nichts anderes gesagt hat.<\/p>\n<h4>Raise Regeln<\/h4>\n<p>In No-Limit-Spielen m\u00fcssen Spieler bei einer Erh\u00f6hung ihre Chips entweder in einer Bewegung an die Linie legen oder vorher m\u00fcndlich den Betrag der Erh\u00f6hung ank\u00fcndigen. Wenn der Betrag m\u00fcndlich angek\u00fcndigt wird, k\u00f6nnen mehrere Bewegungen gemacht werden. Ein Spieler kann \u201eraise\u201c oder \u201eerh\u00f6he\u201c sagen, den exakten Betrag bereitlegen und diesen dann in einer Bewegung an die Linie legen.<\/p>\n<h4>Exposing cards<\/h4>\n<p>Zeigt ein Spieler w\u00e4hrend des Spiels seine Karten, so wird er verbal verwarnt, sein Blatt wird jedoch nicht f\u00fcr tot erkl\u00e4rt. <\/p>\n<h4>Penalty<\/h4>\n<p>Ein Penalty <b>kann<\/b> ausgesprochen werden, wenn ein Spieler:<br>\n<\/p>\n<ul>\n<li>die Karten \u00f6ffnet oder herzeigt, obwohl es noch Aktion(en) gibt<\/li>\n<li>Jetons einsteckt<\/li>\n<li>Karten vom Tisch wirft<\/li>\n<li>gegen die \u201eein Spieler pro Hand\u201c-Regel verst\u00f6\u00dft<\/li>\n<li>fremde Karten oder Jetons ber\u00fchrt<\/li>\n<li>Infos \u00fcber aktive oder gepasste Karten preisgibt<\/li>\n<li>anderen G\u00e4sten w\u00e4hrend des Spiels seine Karten zeigt<\/li>\n<li>das Spiel analysiert, solange noch eine Aktion m\u00f6glich ist<\/li>\n<li>vor dem Showdown \u00fcber die Hand spricht<\/li>\n<li>eine andere Sprache au\u00dfer Deutsch, Franz\u00f6sisch oder Englisch benutzt.<\/li>\n<\/ul>\n<p>Ein Penalty <b>muss<\/b> ausgesprochen werden:<\/p>\n<ul>\n<li>bei Falschspiel<\/li>\n<li>bei Beleidigung andere Mitspieler oder des Personals<\/li>\n<li>Karten besch\u00e4digt<\/li>\n<\/ul>\n<p><\/p>\n<h4>Wann sind Karten verworfen?<\/h4>\n<p>Die Spieler sollen ihre Karten sch\u00fctzen, sie sind daf\u00fcr selbst verantwortlich. Zu fr\u00fches Aufdecken ist nicht unbedingt als ein Foul zu werten! Der Spieler verliert nur sein Recht zu agieren.<br>\n<br>Karten werden nie einem Mitspieler gezeigt, in diesem Fall m\u00fcssen sie allen Mitspielern gezeigt werden. Die Karten m\u00fcssen sichtbar auf dem Tisch verbleiben !<br>\n<br>Sobald die Karten verdeckt hinter die Linie geworfen werden, entf\u00e4llt jeder Anspruch auf den Pot. Die Hand ist tot!<br>\n<br>Wenn ein Dealer ein ungesch\u00fctztes Blatt als weggeworfen betrachtet, steht dem Spieler keine Wiedergutmachung zu und es wird ihm kein Geld zur\u00fcckerstattet.<br>\n<br>Jeder Spieler hat darauf zu achten, wie viele Spieler noch um den Pot mitspielen.<br>\n<br>Es m\u00fcssen immer beide Karten offen gezeigt werden, um einen Gewinnanspruch zu erhalten. Dies gilt auch, wenn der Spieler das Board spielt.<\/p>\n<h4>Offizielle Sprache<\/h4>\n<p>W\u00e4hrend des Spiels sind ausnahmslos die Sprachen Deutsch, Franz\u00f6sisch und Englisch erlaubt. Ein Spieler mit Karten sollte nicht mit seinen Nachbarn fl\u00fcstern oder mit au\u00dfenstehenden Personen sprechen.<\/p>\n<h4>Showdown<\/h4>\n<p>Im Showdown muss der Spieler, der in der Letzten Wettrunde mit einer Aktion begonnen hat, als erster seine Karten \u00f6ffnen. Erfolgt kein Einsatz muss der Spieler links vom Button die Karten als Erster \u00f6ffnen. <\/p>\n<h4>Vernichten der Siegerhand<\/h4>\n<p>Sollte eine offensichtlich gewinnende Hand vom Dealer w\u00e4hrend des Showdowns irrt\u00fcmlich eingezogen werden, gewinnt diese trotzdem den Pot, so lange man die Hand noch redressieren kann. Um solche Fehler zu berichtigen ist die Unterst\u00fctzung der Spieler willkommen.<\/p>\n<h4>Verhaltenskodex<\/h4>\n<p>Jeder Spieler, Dealer und Floorman ist verpflichtet, Fehler und Ungereimtheiten anzuzeigen. Zudem ist von jedermann zu ber\u00fccksichtigen, dass Fehler nicht ausgeschlossen werden k\u00f6nnen.<br>\nEs wird von jedermann verlangt, sich in solchen Situationen respektvoll gegen\u00fcber den anderen beteiligten Personen zu verhalten.<\/p>\n<p>Beleidigungen von Mitspielern und der Gebrauch von Schimpfw\u00f6rtern f\u00fchren zu einer Verwarnung des Spielers oder k\u00f6nnen den Ausschluss zur Folge haben. <\/p>\n<p>In der Entscheidungsfindung sollten die Dealer und der Floorman im Interesse des Spiels die Fairness als wichtigste Richtlinie ansehen. Sie sind berechtigt Verwarnungen auszusprechen, wenn sich Spieler nicht den Regeln entsprechend oder sonst in unzumutbarer Weise verhalten, auch wenn dies in diesem Regelwerk nicht explizit vorgesehen ist. Ausschl\u00fcsse sind das letzte Mittel, um im Interesse des Spiels und der Teilnehmer den geregelten Fortgang des Spiels zu erm\u00f6glichen. Die Entscheidungen sind endg\u00fcltig und nicht anfechtbar.<\/p>\n<p>Durch Anmeldung werden diese Regeln vom Spieler anerkannt.\n<\/p><\/div>\n","protected":false},"excerpt":{"rendered":"<p>Hausordnung der Saarland Spielbank: Poker Floorman Die Aufsichtsperson (Floorman) ist gehalten, ihre Entscheidungen in erster Linie im Sinne des Spiels und der [&hellip;]<\/p>\n","protected":false},"author":1,"featured_media":0,"parent":194,"menu_order":0,"comment_status":"closed","ping_status":"closed","template":"","meta":{"footnotes":""},"_links":{"self":[{"href":"https:\/\/saarland-spielbanken.de\/ssbweb\/wp-json\/wp\/v2\/pages\/246"}],"collection":[{"href":"https:\/\/saarland-spielbanken.de\/ssbweb\/wp-json\/wp\/v2\/pages"}],"about":[{"href":"https:\/\/saarland-spielbanken.de\/ssbweb\/wp-json\/wp\/v2\/types\/page"}],"author":[{"embeddable":true,"href":"https:\/\/saarland-spielbanken.de\/ssbweb\/wp-json\/wp\/v2\/users\/1"}],"replies":[{"embeddable":true,"href":"https:\/\/saarland-spielbanken.de\/ssbweb\/wp-json\/wp\/v2\/comments?post=246"}],"version-history":[{"count":1,"href":"https:\/\/saarland-spielbanken.de\/ssbweb\/wp-json\/wp\/v2\/pages\/246\/revisions"}],"predecessor-version":[{"id":247,"href":"https:\/\/saarland-spielbanken.de\/ssbweb\/wp-json\/wp\/v2\/pages\/246\/revisions\/247"}],"up":[{"embeddable":true,"href":"https:\/\/saarland-spielbanken.de\/ssbweb\/wp-json\/wp\/v2\/pages\/194"}],"wp:attachment":[{"href":"https:\/\/saarland-spielbanken.de\/ssbweb\/wp-json\/wp\/v2\/media?parent=246"}],"curies":[{"name":"wp","href":"https:\/\/api.w.org\/{rel}","templated":true}]}}