{"id":249,"date":"2019-09-22T13:12:20","date_gmt":"2019-09-22T13:12:20","guid":{"rendered":"http:\/\/saarland-spielbanken.de\/ssbweb\/?page_id=249"},"modified":"2019-09-22T13:30:55","modified_gmt":"2019-09-22T13:30:55","slug":"turnierordnung","status":"publish","type":"page","link":"https:\/\/saarland-spielbanken.de\/ssbweb\/poker\/turnierordnung\/","title":{"rendered":"Turnierordnung"},"content":{"rendered":"<div class=\"div_guide\">\n  <!--br\/>\n\n\n\n\n<h3>Floormen<\/h3>\n\n\n\n\nAufsichtspersonen (Floormen) sind gehalten, ihre Entscheidungen in erster        Linie im Sinne des Spiels und der Fairness zu treffen. Ungew\u00f6hnliche        Umst\u00e4nde k\u00f6nnen in Einzelf\u00e4llen dazu f\u00fchren, dass die Regeln im Sinne eines        fairen Spiels nicht strikt ausgelegt werden.               Entscheidungen zu Sonderf\u00e4llen, die nicht in diesem Reglement erfasst sind,        trifft der Floorman. Diese Entscheidungen sind Tatsachenentscheidungen und        somit endg\u00fcltig.\n\n\n\n\n<h3>Techn. Hilfsmittel<\/h3>\n\n\n\n\nTechn. Hilfsmittel zur Chancenberechnung sind nicht zugelassen. Telefonieren ist am Spieltisch nicht gestattet.\n\n\n\n\n<h3>Sichtbarkeit der Jetons und der Karten<\/h3>\n\n\n\n\nAlle Chips m\u00fcssen jederzeit offen sichtbar sein. Turnierchips in einer Tasche zu halten,        ist den Spielern zu keinem Zeitpunkt erlaubt. Steckt ein Spieler Chips in eine Tasche,        b\u00fc\u00dft er diese Chips ein. Eingeb\u00fc\u00dfte Chips werden aus dem Spiel entfernt.       Die pers\u00f6nlichen Karten m\u00fcssen f\u00fcr den Dealer sichtbar auf dem Tisch liegen.\n\n\n\n\n<h3>Verbale Ansagen<\/h3>\n\n\n\n\nVerbale Ansagen im eigenen Zug sind bindend. Aktionen au\u00dfer der Reihe k\u00f6nnen bindend sein.        Ein Spieler, der au\u00dfer der Reihe setzt, muss diesen Betrag setzen,        wenn alle Spieler vor ihm checken. Falls einer der Spieler vor demjenigen,        der au\u00dfer der Reihe gesetzt hat, einen Betrag setzt, ganz gleich welchen,        so hat der Spieler, der au\u00dfer der Reihe gesetzt hat, wieder die freie Wahl auszusteigen,        gleichzuziehen oder zu erh\u00f6hen.\n\n\n\n\n<h3>Ungen\u00fcgendes Mitgehen<\/h3>\n\n\n\n\nEin Spieler, der eine Erh\u00f6hung nicht bemerkt hat, kann seinen Satz zur\u00fcckziehen,        solange noch niemand nach ihm gehandelt hat.\n\n\n\n\n<h3>Zeitbegrenzung<\/h3>\n\n\n\n\nBitte um Zeitbegrenzung (calling for the clock): Sobald um eine Zeitbegrenzung gebeten wird,        hat der aktuelle Spieler noch eine Minute Zeit, eine Entscheidung zu treffen.        Wenn am Ende dieser Minute keine Aktion durchgef\u00fchrt wurde, wird sein Blatt f\u00fcr tot erkl\u00e4rt bzw.        als \u201echeck\u201c gewertet.\n\n\n\n\n<h3>Tischwechsel<\/h3>\n\n\n\n\nSpieler, die von einem aufgel\u00f6sten Tisch kommen um einen Sitzplatz einzunehmen,        \u00fcbernehmen die Rechte und Pflichten dieses Sitzplatzes.        Ihnen kann der Big Blind oder irgendeine andere Position zugewiesen werden.        Die Positionen, an denen ein Spieler kein Blatt bekommen kann, sind im Small Blind,        im Button und zwischen Small Blind und Button.\n\n\n\n\n<h3>Chip Race<\/h3>\n\n\n\n\nDas Chip Race beginnt immer bei Platz 1. Ein Spieler kann maximal einen Jeton erhalten.        Ein Spieler kann nicht durch ein Chip Race aus dem Turnier ausscheiden.        In dem Fall, dass ein Spieler nur noch einen Jeton \u00fcbrig hat, wird das Chip Race normal durchgef\u00fchrt.        Sollte der Spieler nun das Chip Race verlieren,        erh\u00e4lt er automatisch ein St\u00fcck von der kleinsten im Spiel befindlichen Jetoneinheit.\n\n\n\n\n<h3>Exposing cards<\/h3>\n\n\n\n\nZeigt ein Spieler w\u00e4hrend des Spiels seine Karten, so wird er verbal verwarnt,        sein Blatt wird jedoch nicht f\u00fcr tot erkl\u00e4rt.        Im Wiederholungsfall wird der Spieler mit einer Zeitstrafe belegt.\n\n\n\n\n<h3>Raise Regeln<\/h3>\n\n\n\n\nIn No-Limit-Spielen m\u00fcssen Spieler bei einer Erh\u00f6hung ihre Chips entweder in einer Bewegung an die Linie legen        oder vorher m\u00fcndlich den Betrag der Erh\u00f6hung ank\u00fcndigen. Wenn der Betrag m\u00fcndlich angek\u00fcndigt wird,        k\u00f6nnen mehrere Bewegungen gemacht werden. Ein Spieler kann \u201eraise\u201c oder \u201eerh\u00f6he\u201c sagen,        den exakten Betrag bereitlegen und diesen dann in einer Bewegung an die Linie legen.\n\n\n\n\n<h3>Penalty<\/h3>\n\n\n\n\nEin Penalty <b>kann<\/b> ausgesprochen werden, wenn ein Spieler:\n\n       die Karten \u00f6ffnet oder herzeigt, obwohl es noch Aktion(en) gibt\n\n       Jetons einsteckt\n\n       Karten vom Tisch wirft\n\n       Karten besch\u00e4digt\n\n       gegen die \u201eein Spieler pro Hand\u201c-Regel verst\u00f6\u00dft\n\n       fremde Karten oder Jetons ber\u00fchrt\n\n       Infos \u00fcber aktive oder gepasste Karten preisgibt\n\n       anderen G\u00e4sten w\u00e4hrend des Spiels seine Karten zeigt\n\n       vorzeitig setzt\n\n       das Spiel analysiert, solange noch eine Aktion m\u00f6glich ist\n\n       vor dem Showdown \u00fcber die Hand spricht\n\n       eine andere Sprache wie deutsch, franz\u00f6sisch oder englisch benutzt.\n\n       Ein Penalty <b>muss<\/b> ausgesprochen werden bei Falschspiel.\n\nEs obliegt der Turnierleitung die H\u00f6he des Penalty (von einer Button-Runde bis zu einer Disqualifikation) festzulegen.        F\u00fcr die Dauer des Penalty hat der Spieler den Tisch zu verlassen. Bei einer Disqualifikation werden die Jetons eingezogen.\n\n\n\n\n<h3>Rebuy<\/h3>\n\n\n\n\nIn einem Rebuy \u2013 Turnier d\u00fcrfen Spieler keine Spielrunde verpassen.        Wenn ein Spieler sich nicht neu einkauft, bevor neue Karten ausgegeben werden,        kann er sich nicht mehr neu einkaufen und scheidet aus dem Turnier aus.        Er kann danach auch nicht mehr neu einsteigen.\n\n\n\n\n<h3>Ungesch\u00fctzte Hand<\/h3>\n\n\n\n\nUngesch\u00fctztes Blatt: Wenn ein Dealer ein ungesch\u00fctztes Blatt als weggeworfen betrachtet,        steht dem Spieler keine Wiedergutmachung zu, und es wird ihm kein Geld zur\u00fcckerstattet.\n\n\n\n\n<h3>Playing the board<\/h3>\n\n\n\n\nUm einen Anspruch auf einen Teil des Pots zu haben, muss ein Spieler bei        \u201ePlaying the board\u201c beide Karten \u00f6ffnen.\n\n\n\n\n<h3>Vernichten der Siegerhand<\/h3>\n\n\n\n\nSollte eine offensichtlich gewinnende Hand vom Dealer w\u00e4hrend des Showdowns irrt\u00fcmlich eingezogen werden,        gewinnt diese trotzdem den Pot. Um solche Fehler zu berichtigen ist die Unterst\u00fctzung der Spieler willkommen.\n\n\n\n\n<h3>Showdown<\/h3>\n\n\n\n\nIm Showdown muss der Spieler, der den letzten Satz gemacht hat, als erster seine Karten \u00f6ffnen.        Erfolgt kein Einsatz muss der Spieler links vom Button die Karten als Erster \u00f6ffnen.\n\n\n\n\n<h3>Verhaltenskodex<\/h3>\n\n\n\n\nJeder Spieler, Dealer und Floorman ist verpflichtet, Fehler und Ungereimtheiten anzuzeigen.        Zudem ist von jedermann zu ber\u00fccksichtigen, dass Fehler nicht ausgeschlossen werden k\u00f6nnen.\nEs wird von jedermann verlangt, sich in solchen Situationen respektvoll gegen\u00fcber den anderen beteiligten Personen zu verhalten.\n\n       Beleidigungen von Mitspielern und der Gebrauch von Schimpfw\u00f6rtern f\u00fchren zu einer Verwarnung des Spielers        und k\u00f6nnen im Wiederholungsfall die Disqualifikation zur Folge haben. Die Turnierleitung entscheidet endg\u00fcltig.\n\n       In der Entscheidungsfindung sollten die Dealer, der Floorman und die Turnierleitung im Interesse des Spiels die Fairness als wichtigste Richtlinie ansehen.        Sie sind berechtigt Verwarnungen auszusprechen, wenn sich Spieler nicht den Regeln entsprechend oder sonst in unzumutbarer Weise verhalten,        auch wenn dies in diesem Regelwerk nicht explizit vorgesehen ist. Turnierverweise sind das letzte Mittel,        um im Interesse des Spiels und der Teilnehmer den geregelten Fortgang des Turniers erm\u00f6glichen. Turnierverweise d\u00fcrfen nur von der Turnierleitung ausgesprochen werden.        Die Entscheidungen der Turnierleitung sind endg\u00fcltig und nicht anfechtbar.\n\n       Durch Anmeldung werden diese Regeln vom  Spieler anerkannt. Bei einem Regelversto\u00df kann der Teilnehmer von der Turnierleitung ausgeschlossen werden.        Der Teilnehmer hat bei Ausschluss keinen Anspruch auf R\u00fcckerstattung des get\u00e4tigten Buy In.                               Saarbr\u00fccken, im Januar 2010\n\n       Saarland Spielbanken\nTechnische Leitung   !--><\/p>\n<h3>Hausordnung der Saarland Spielbank f\u00fcr Pokerturniere<\/h3>\n<h4>Showdown<\/h4>\n<p>Im Turnier herrscht Showdownpflicht.<\/p>\n<h4>Tischwechsel<\/h4>\n<p>Spieler, die von einem aufgel\u00f6sten Tisch kommen um einen Sitzplatz einzunehmen, \u00fcbernehmen die Rechte und Pflichten dieses Sitzplatzes. Ihnen kann der Big Blind oder irgendeine andere Position zugewiesen werden. Die Positionen, an denen ein Spieler kein Blatt bekommen kann, sind im Small Blind, zwischen Small Blind und Button sowie im Button bzw. in der besten Position, so fern der Button nicht besetzt ist.<\/p>\n<p>Chip Race<\/p>\n<p>Das Chip Race beginnt immer bei Platz 1. Ein Spieler kann nicht durch ein Chip Race aus dem Turnier ausscheiden. In dem Fall, dass ein Spieler nur noch einen Jeton \u00fcbrig hat, wird das Chip Race normal durchgef\u00fchrt. Sollte der Spieler nun das Chip Race verlieren, erh\u00e4lt er automatisch ein St\u00fcck von der kleinsten im Spiel befindlichen Jetoneinheit.<\/p>\n<h4>Rebuy<\/h4>\n<p>In einem Rebuy \u2013 Turnier d\u00fcrfen Spieler keine Spielrunde verpassen. Wenn ein Spieler sich nicht neu einkauft, bevor neue Karten ausgegeben werden, kann er sich nicht mehr neu einkaufen und scheidet aus dem Turnier aus. Er kann danach auch nicht mehr neu einsteigen.<\/p>\n<h4>Zeitbegrenzung<\/h4>\n<p>Bitte um Zeitbegrenzung (calling for the clock): Sobald um eine Zeitbegrenzung gebeten wird, hat der aktuelle Spieler noch eine Minute Zeit, eine Entscheidung zu treffen. Wenn am Ende dieser Minute keine Aktion durchgef\u00fchrt wurde, wird sein Blatt f\u00fcr tot erkl\u00e4rt bzw. als \u201echeck\u201c gewertet.<\/p>\n<h4>Nuts behind Check<\/h4>\n<p>Es ist nicht gestattest mit der bestm\u00f6glichen Hand, die nach dem River m\u00f6glich ist, in letzter Position nur zu checken bzw. zu callen. Von diesem Spieler muss eine Aktion aus gehen (bet oder raise). Ist dies nicht der Fall, so wird der Spieler mit einem Penalty bestraft.<\/p>\n<h4>Penalty<\/h4>\n<p>Es obliegt der Turnierleitung die H\u00f6he des Penalty (von einer Button-Runde bis zu einer Disqualifikation) festzulegen. F\u00fcr die Dauer des Penalty hat der Spieler den Tisch zu verlassen. Bei einer Disqualifikation werden die Jetons eingezogen.<\/p>\n<\/div>\n","protected":false},"excerpt":{"rendered":"<p>Hausordnung der Saarland Spielbank f\u00fcr Pokerturniere Showdown Im Turnier herrscht Showdownpflicht. Tischwechsel Spieler, die von einem aufgel\u00f6sten Tisch kommen um einen Sitzplatz [&hellip;]<\/p>\n","protected":false},"author":1,"featured_media":0,"parent":194,"menu_order":0,"comment_status":"closed","ping_status":"closed","template":"","meta":{"footnotes":""},"_links":{"self":[{"href":"https:\/\/saarland-spielbanken.de\/ssbweb\/wp-json\/wp\/v2\/pages\/249"}],"collection":[{"href":"https:\/\/saarland-spielbanken.de\/ssbweb\/wp-json\/wp\/v2\/pages"}],"about":[{"href":"https:\/\/saarland-spielbanken.de\/ssbweb\/wp-json\/wp\/v2\/types\/page"}],"author":[{"embeddable":true,"href":"https:\/\/saarland-spielbanken.de\/ssbweb\/wp-json\/wp\/v2\/users\/1"}],"replies":[{"embeddable":true,"href":"https:\/\/saarland-spielbanken.de\/ssbweb\/wp-json\/wp\/v2\/comments?post=249"}],"version-history":[{"count":1,"href":"https:\/\/saarland-spielbanken.de\/ssbweb\/wp-json\/wp\/v2\/pages\/249\/revisions"}],"predecessor-version":[{"id":250,"href":"https:\/\/saarland-spielbanken.de\/ssbweb\/wp-json\/wp\/v2\/pages\/249\/revisions\/250"}],"up":[{"embeddable":true,"href":"https:\/\/saarland-spielbanken.de\/ssbweb\/wp-json\/wp\/v2\/pages\/194"}],"wp:attachment":[{"href":"https:\/\/saarland-spielbanken.de\/ssbweb\/wp-json\/wp\/v2\/media?parent=249"}],"curies":[{"name":"wp","href":"https:\/\/api.w.org\/{rel}","templated":true}]}}