{"id":305,"date":"2019-09-26T22:51:43","date_gmt":"2019-09-26T22:51:43","guid":{"rendered":"http:\/\/saarland-spielbanken.de\/ssbweb\/?page_id=305"},"modified":"2024-08-02T16:28:46","modified_gmt":"2024-08-02T16:28:46","slug":"spielbank-saarbruecken","status":"publish","type":"page","link":"https:\/\/saarland-spielbanken.de\/ssbweb\/spielbank-saarbruecken\/","title":{"rendered":"Spielbank Saarbr\u00fccken"},"content":{"rendered":"<div id=\"pl-305\"  class=\"panel-layout\" ><div id=\"pg-305-0\"  class=\"panel-grid panel-has-style\" ><div class=\"casinoheader siteorigin-panels-stretch panel-row-style panel-row-style-for-305-0\" style=\"padding: 100px 0; \" data-stretch-type=\"full-width-stretch\" data-overlay=\"true\" data-overlay-color=\"#000000\" ><div id=\"pgc-305-0-0\"  class=\"panel-grid-cell\" ><div id=\"panel-305-0-0-0\" class=\"so-panel widget widget_text panel-first-child panel-last-child\" data-index=\"0\" ><div style=\"text-align: left;\" data-title-color=\"#443f3f\" data-headings-color=\"#443f3f\" class=\"panel-widget-style panel-widget-style-for-305-0-0-0\" ><h3 class=\"widget-title\">Spielbank Saarbr\u00fccken<\/h3>\t\t\t<div class=\"textwidget\"><\/div>\n\t\t<\/div><\/div><\/div><\/div><\/div><div id=\"pg-305-1\"  class=\"panel-grid panel-has-style\" ><div class=\"siteorigin-panels-stretch panel-row-style panel-row-style-for-305-1\" style=\"padding: 100px 0; \" data-stretch-type=\"full-width-stretch\" data-overlay=\"true\" data-overlay-color=\"#000000\" ><div id=\"pgc-305-1-0\"  class=\"panel-grid-cell\" ><div id=\"panel-305-1-0-0\" class=\"so-panel widget widget_media_image panel-first-child panel-last-child\" data-index=\"1\" ><div style=\"text-align: left;\" data-title-color=\"#443f3f\" data-headings-color=\"#443f3f\" class=\"panel-widget-style panel-widget-style-for-305-1-0-0\" ><img loading=\"lazy\" decoding=\"async\" width=\"1000\" height=\"667\" src=\"https:\/\/saarland-spielbanken.de\/ssbweb\/wp-content\/uploads\/2019\/09\/DFG2.jpg\" class=\"image wp-image-16  attachment-full size-full\" alt=\"\" style=\"max-width: 100%; height: auto;\" srcset=\"https:\/\/saarland-spielbanken.de\/ssbweb\/wp-content\/uploads\/2019\/09\/DFG2.jpg 1000w, https:\/\/saarland-spielbanken.de\/ssbweb\/wp-content\/uploads\/2019\/09\/DFG2-300x200.jpg 300w, https:\/\/saarland-spielbanken.de\/ssbweb\/wp-content\/uploads\/2019\/09\/DFG2-768x512.jpg 768w, https:\/\/saarland-spielbanken.de\/ssbweb\/wp-content\/uploads\/2019\/09\/DFG2-830x554.jpg 830w, https:\/\/saarland-spielbanken.de\/ssbweb\/wp-content\/uploads\/2019\/09\/DFG2-230x153.jpg 230w, https:\/\/saarland-spielbanken.de\/ssbweb\/wp-content\/uploads\/2019\/09\/DFG2-350x233.jpg 350w, https:\/\/saarland-spielbanken.de\/ssbweb\/wp-content\/uploads\/2019\/09\/DFG2-480x320.jpg 480w\" sizes=\"(max-width: 1000px) 100vw, 1000px\" \/><\/div><\/div><\/div><div id=\"pgc-305-1-1\"  class=\"panel-grid-cell\" ><div id=\"panel-305-1-1-0\" class=\"widget_text so-panel widget widget_custom_html panel-first-child panel-last-child\" data-index=\"2\" ><div style=\"text-align: left;\" data-title-color=\"#443f3f\" data-headings-color=\"#443f3f\" data-title_alignment=\"center\" class=\"widget_text panel-widget-style panel-widget-style-for-305-1-1-0\" ><div class=\"textwidget custom-html-widget\"><b>Deutschm\u00fchlental <br\/>\nD-66117 Saarbr\u00fccken<br\/>\nTel.: 0681 92 72 610 <\/b> \n<br\/>\n<b>\u00d6ffnungszeiten<\/b><br\/><br\/>\nT\u00e4glich von 11:00 bis 03:00 Uhr.\nIm klassischen Spiel von 15:00 bis 03:00 Uhr.<br\/>\n(an Karfreitag, Allerheiligen, Volkstrauertag, Totensonntag, Heiligabend und 1. Weihnachtsfeiertag bleiben unsere Spielst\u00e4tten geschlossen)<br\/><br\/>\n<b>Eintrittspreise<\/b><br\/> Eintritt kostenlos. Kartengeb\u00fchr (10 \u20ac ab der 3. Karte)<\/div><\/div><\/div><\/div><\/div><\/div><div id=\"pg-305-2\"  class=\"panel-grid panel-has-style\" ><div class=\"siteorigin-panels-stretch panel-row-style panel-row-style-for-305-2\" style=\"padding: 100px 0; \" data-stretch-type=\"full-width-stretch\" data-overlay=\"true\" data-overlay-color=\"#000000\" ><div id=\"pgc-305-2-0\"  class=\"panel-grid-cell\" ><div id=\"panel-305-2-0-0\" class=\"so-panel widget widget_xyz_insert_php_widget panel-first-child panel-last-child\" data-index=\"3\" ><div style=\"text-align: center;\" data-title-color=\"#ffffff\" data-headings-color=\"#ffffff\" class=\"panel-widget-style panel-widget-style-for-305-2-0-0\" ><h3 class=\"widget-title\">Jackpots <\/h3><script src=\"https:\/\/code.jquery.com\/jquery-1.12.4.js\"><\/script>\r\n  <script src=\"https:\/\/code.jquery.com\/ui\/1.12.1\/jquery-ui.js\"><\/script>\r\n<script>\r\n  $( function() {\r\n    $( \".accordion\" ).accordion({\r\n      collapsible: true\r\n    });\r\n  } );\r\n  <\/script>\r\n<div class=\"accordion\">\r\n<h3>Clover Link Grand  -  21 000,10 &#8364;<\/h3><div class=\"box info no_icon\"><div class=\"\"><div class=\"divTable\"><div class=\"divTableBody\"><\/div><\/div><br style=\"clear:both\" \/><\/div><\/div><h3>Clover Link Major  -  1 088,21 &#8364;<\/h3><div class=\"box info no_icon\"><div class=\"\"><div class=\"divTable\"><div class=\"divTableBody\"><\/div><\/div><br style=\"clear:both\" \/><\/div><\/div><h3>Mystery  -  166,49 &#8364;<\/h3><div class=\"box info no_icon\"><div class=\"\"><div class=\"divTable\"><div class=\"divTableBody\"><\/div><\/div><br style=\"clear:both\" \/><\/div><\/div><h3>Mystery 1  -  166,49 &#8364;<\/h3><div class=\"box info no_icon\"><div class=\"\"><div class=\"divTable\"><div class=\"divTableBody\"><\/div><\/div><br style=\"clear:both\" \/><\/div><\/div><h3>Clover Link Shared Grand  -  15 242,70 &#8364;<\/h3><div class=\"box info no_icon\"><div class=\"\"><div class=\"divTable\"><div class=\"divTableBody\"><\/div><\/div><br style=\"clear:both\" \/><\/div><\/div><h3>Mystery 2  -  141,65 &#8364;<\/h3><div class=\"box info no_icon\"><div class=\"\"><div class=\"divTable\"><div class=\"divTableBody\"><\/div><\/div><br style=\"clear:both\" \/><\/div><\/div><h3>Clover Link Shared Major  -  1 192,41 &#8364;<\/h3><div class=\"box info no_icon\"><div class=\"\"><div class=\"divTable\"><div class=\"divTableBody\"><\/div><\/div><br style=\"clear:both\" \/><\/div><\/div><h3>Mystery 3  -  350,10 &#8364;<\/h3><div class=\"box info no_icon\"><div class=\"\"><div class=\"divTable\"><div class=\"divTableBody\"><\/div><\/div><br style=\"clear:both\" \/><\/div><\/div>\r\n    \r\n<\/div><\/div><\/div><\/div><div id=\"pgc-305-2-1\"  class=\"panel-grid-cell\" ><div id=\"panel-305-2-1-0\" class=\"widget_text so-panel widget widget_custom_html panel-first-child panel-last-child\" data-index=\"4\" ><div style=\"text-align: center;\" data-title-color=\"#ffffff\" data-headings-color=\"#ffffff\" class=\"widget_text panel-widget-style panel-widget-style-for-305-2-1-0\" ><h3 class=\"widget-title\">Anfahrt<\/h3><div class=\"textwidget custom-html-widget\"><iframe loading=\"lazy\" src=\"https:\/\/www.google.com\/maps\/embed?pb=!1m14!1m8!1m3!1d10422.48848661684!2d6.961513!3d49.2266931!3m2!1i1024!2i768!4f13.1!3m3!1m2!1s0x0%3A0xc824299887ba1e68!2sSpielbank%20Saarbr%C3%BCcken%20der%20Saarland%20Spielbank!5e0!3m2!1sde!2sde!4v1569540449625!5m2!1sde!2sde\" width=\"600\" height=\"400\" frameborder=\"0\" style=\"border:0;\" allowfullscreen=\"\"><\/iframe><\/div><\/div><\/div><\/div><\/div><\/div><\/div>","protected":false},"excerpt":{"rendered":"<p>Spielbank Saarbr\u00fccken Deutschm\u00fchlental D-66117 Saarbr\u00fccken Tel.: 0681 92 72 610 \u00d6ffnungszeiten T\u00e4glich von 11:00 bis 03:00 Uhr. Im klassischen Spiel von 15:00 [&hellip;]<\/p>\n","protected":false},"author":1,"featured_media":0,"parent":0,"menu_order":0,"comment_status":"closed","ping_status":"closed","template":"page-templates\/page_front-page.php","meta":{"footnotes":""},"_links":{"self":[{"href":"https:\/\/saarland-spielbanken.de\/ssbweb\/wp-json\/wp\/v2\/pages\/305"}],"collection":[{"href":"https:\/\/saarland-spielbanken.de\/ssbweb\/wp-json\/wp\/v2\/pages"}],"about":[{"href":"https:\/\/saarland-spielbanken.de\/ssbweb\/wp-json\/wp\/v2\/types\/page"}],"author":[{"embeddable":true,"href":"https:\/\/saarland-spielbanken.de\/ssbweb\/wp-json\/wp\/v2\/users\/1"}],"replies":[{"embeddable":true,"href":"https:\/\/saarland-spielbanken.de\/ssbweb\/wp-json\/wp\/v2\/comments?post=305"}],"version-history":[{"count":55,"href":"https:\/\/saarland-spielbanken.de\/ssbweb\/wp-json\/wp\/v2\/pages\/305\/revisions"}],"predecessor-version":[{"id":1027,"href":"https:\/\/saarland-spielbanken.de\/ssbweb\/wp-json\/wp\/v2\/pages\/305\/revisions\/1027"}],"wp:attachment":[{"href":"https:\/\/saarland-spielbanken.de\/ssbweb\/wp-json\/wp\/v2\/media?parent=305"}],"curies":[{"name":"wp","href":"https:\/\/api.w.org\/{rel}","templated":true}]}}