{"id":359,"date":"2019-09-26T23:44:13","date_gmt":"2019-09-26T23:44:13","guid":{"rendered":"http:\/\/saarland-spielbanken.de\/ssbweb\/?page_id=359"},"modified":"2024-08-02T16:27:34","modified_gmt":"2024-08-02T16:27:34","slug":"casino-schloss-berg","status":"publish","type":"page","link":"https:\/\/saarland-spielbanken.de\/ssbweb\/casino-schloss-berg\/","title":{"rendered":"Casino Schloss Berg"},"content":{"rendered":"<div id=\"pl-359\"  class=\"panel-layout\" ><div id=\"pg-359-0\"  class=\"panel-grid panel-has-style\" ><div class=\"casinoheader siteorigin-panels-stretch panel-row-style panel-row-style-for-359-0\" style=\"padding: 100px 0; \" data-stretch-type=\"full-width-stretch\" data-overlay=\"true\" data-overlay-color=\"#000000\" ><div id=\"pgc-359-0-0\"  class=\"panel-grid-cell\" ><div id=\"panel-359-0-0-0\" class=\"so-panel widget widget_text panel-first-child panel-last-child\" data-index=\"0\" ><div style=\"text-align: left;\" data-title-color=\"#443f3f\" data-headings-color=\"#443f3f\" class=\"panel-widget-style panel-widget-style-for-359-0-0-0\" ><h3 class=\"widget-title\">Casino Schloss Berg<\/h3>\t\t\t<div class=\"textwidget\"><\/div>\n\t\t<\/div><\/div><\/div><\/div><\/div><div id=\"pg-359-1\"  class=\"panel-grid panel-has-style\" ><div class=\"siteorigin-panels-stretch panel-row-style panel-row-style-for-359-1\" style=\"padding: 100px 0; \" data-stretch-type=\"full-width-stretch\" data-overlay=\"true\" data-overlay-color=\"#000000\" ><div id=\"pgc-359-1-0\"  class=\"panel-grid-cell\" ><div id=\"panel-359-1-0-0\" class=\"so-panel widget widget_media_image panel-first-child panel-last-child\" data-index=\"1\" ><div style=\"text-align: left;\" data-title-color=\"#443f3f\" data-headings-color=\"#443f3f\" class=\"panel-widget-style panel-widget-style-for-359-1-0-0\" ><img loading=\"lazy\" decoding=\"async\" width=\"1000\" height=\"667\" src=\"https:\/\/saarland-spielbanken.de\/ssbweb\/wp-content\/uploads\/2019\/09\/NEN.jpg\" class=\"image wp-image-132  attachment-full size-full\" alt=\"\" style=\"max-width: 100%; height: auto;\" srcset=\"https:\/\/saarland-spielbanken.de\/ssbweb\/wp-content\/uploads\/2019\/09\/NEN.jpg 1000w, https:\/\/saarland-spielbanken.de\/ssbweb\/wp-content\/uploads\/2019\/09\/NEN-300x200.jpg 300w, https:\/\/saarland-spielbanken.de\/ssbweb\/wp-content\/uploads\/2019\/09\/NEN-768x512.jpg 768w, https:\/\/saarland-spielbanken.de\/ssbweb\/wp-content\/uploads\/2019\/09\/NEN-830x554.jpg 830w, https:\/\/saarland-spielbanken.de\/ssbweb\/wp-content\/uploads\/2019\/09\/NEN-230x153.jpg 230w, https:\/\/saarland-spielbanken.de\/ssbweb\/wp-content\/uploads\/2019\/09\/NEN-350x233.jpg 350w, https:\/\/saarland-spielbanken.de\/ssbweb\/wp-content\/uploads\/2019\/09\/NEN-480x320.jpg 480w\" sizes=\"(max-width: 1000px) 100vw, 1000px\" \/><\/div><\/div><\/div><div id=\"pgc-359-1-1\"  class=\"panel-grid-cell\" ><div id=\"panel-359-1-1-0\" class=\"widget_text so-panel widget widget_custom_html panel-first-child panel-last-child\" data-index=\"2\" ><div style=\"text-align: left;\" data-title-color=\"#443f3f\" data-headings-color=\"#443f3f\" data-title_alignment=\"center\" class=\"widget_text panel-widget-style panel-widget-style-for-359-1-1-0\" ><div class=\"textwidget custom-html-widget\"><b>\nSchlo\u00dfstr. 27<br\/>\nD-66706 Nennig<br\/>\nTel.: 06866 15 15 0<\/b> \n<br\/><br\/>\n<b>\u00d6ffnungszeiten<\/b><br\/>\nT\u00e4glich von 11:00 bis 03:00 Uhr.\n<br\/><br\/>(an Karfreitag, Allerheiligen, Volkstrauertag, Totensonntag, Heiligabend und 1. Weihnachtsfeiertag bleiben unsere Spielst\u00e4tten geschlossen)<br\/><br\/>\n<b>Eintrittspreise<\/b><br\/> Eintritt kostenlos. Kartengeb\u00fchr (10 \u20ac ab der 3. Karte)<\/div><\/div><\/div><\/div><\/div><\/div><div id=\"pg-359-2\"  class=\"panel-grid panel-has-style\" ><div class=\"siteorigin-panels-stretch panel-row-style panel-row-style-for-359-2\" style=\"padding: 100px 0; \" data-stretch-type=\"full-width-stretch\" data-overlay=\"true\" data-overlay-color=\"#000000\" ><div id=\"pgc-359-2-0\"  class=\"panel-grid-cell\" ><div id=\"panel-359-2-0-0\" class=\"so-panel widget widget_xyz_insert_php_widget panel-first-child panel-last-child\" data-index=\"3\" ><div style=\"text-align: center;\" data-title-color=\"#ffffff\" data-headings-color=\"#ffffff\" class=\"panel-widget-style panel-widget-style-for-359-2-0-0\" ><h3 class=\"widget-title\">Jackpots<\/h3><script src=\"https:\/\/code.jquery.com\/jquery-1.12.4.js\"><\/script>\r\n  <script src=\"https:\/\/code.jquery.com\/ui\/1.12.1\/jquery-ui.js\"><\/script>\r\n<script>\r\n  $( function() {\r\n    $( \".accordion\" ).accordion({\r\n      collapsible: true\r\n    });\r\n  } );\r\n  <\/script>\r\n<div class=\"accordion\">\r\n<\/div><\/div><\/div><\/div><div id=\"pgc-359-2-1\"  class=\"panel-grid-cell\" ><div id=\"panel-359-2-1-0\" class=\"widget_text so-panel widget widget_custom_html panel-first-child panel-last-child\" data-index=\"4\" ><div style=\"text-align: left;\" data-title-color=\"#ffffff\" data-headings-color=\"#ffffff\" class=\"widget_text panel-widget-style panel-widget-style-for-359-2-1-0\" ><h3 class=\"widget-title\">Anfahrt<\/h3><div class=\"textwidget custom-html-widget\"><iframe loading=\"lazy\" style=\"border: 0;\" src=\"https:\/\/www.google.com\/maps\/embed?pb=!1m18!1m12!1m3!1d2589.310698908921!2d6.384549815776336!3d49.53528777935953!2m3!1f0!2f0!3f0!3m2!1i1024!2i768!4f13.1!3m3!1m2!1s0x47956ae9eb47178d%3A0xeedfb49e9efb84d8!2sCasino%20Schlo%C3%9F%20Berg!5e0!3m2!1sde!2sde!4v1569541361996!5m2!1sde!2sde\" width=\"600\" height=\"400\" frameborder=\"0\" allowfullscreen=\"\"><\/iframe><\/div><\/div><\/div><\/div><\/div><\/div><\/div>","protected":false},"excerpt":{"rendered":"<p>Casino Schloss Berg Schlo\u00dfstr. 27 D-66706 Nennig Tel.: 06866 15 15 0 \u00d6ffnungszeiten T\u00e4glich von 11:00 bis 03:00 Uhr. (an Karfreitag, Allerheiligen, [&hellip;]<\/p>\n","protected":false},"author":1,"featured_media":0,"parent":0,"menu_order":0,"comment_status":"closed","ping_status":"closed","template":"page-templates\/page_front-page.php","meta":{"footnotes":""},"_links":{"self":[{"href":"https:\/\/saarland-spielbanken.de\/ssbweb\/wp-json\/wp\/v2\/pages\/359"}],"collection":[{"href":"https:\/\/saarland-spielbanken.de\/ssbweb\/wp-json\/wp\/v2\/pages"}],"about":[{"href":"https:\/\/saarland-spielbanken.de\/ssbweb\/wp-json\/wp\/v2\/types\/page"}],"author":[{"embeddable":true,"href":"https:\/\/saarland-spielbanken.de\/ssbweb\/wp-json\/wp\/v2\/users\/1"}],"replies":[{"embeddable":true,"href":"https:\/\/saarland-spielbanken.de\/ssbweb\/wp-json\/wp\/v2\/comments?post=359"}],"version-history":[{"count":28,"href":"https:\/\/saarland-spielbanken.de\/ssbweb\/wp-json\/wp\/v2\/pages\/359\/revisions"}],"predecessor-version":[{"id":1025,"href":"https:\/\/saarland-spielbanken.de\/ssbweb\/wp-json\/wp\/v2\/pages\/359\/revisions\/1025"}],"wp:attachment":[{"href":"https:\/\/saarland-spielbanken.de\/ssbweb\/wp-json\/wp\/v2\/media?parent=359"}],"curies":[{"name":"wp","href":"https:\/\/api.w.org\/{rel}","templated":true}]}}