{"id":390,"date":"2019-09-27T00:20:09","date_gmt":"2019-09-27T00:20:09","guid":{"rendered":"http:\/\/saarland-spielbanken.de\/ssbweb\/?page_id=390"},"modified":"2024-08-02T16:28:12","modified_gmt":"2024-08-02T16:28:12","slug":"spielbank-neunkirchen","status":"publish","type":"page","link":"https:\/\/saarland-spielbanken.de\/ssbweb\/spielbank-neunkirchen\/","title":{"rendered":"Spielbank Neunkirchen"},"content":{"rendered":"<div id=\"pl-390\"  class=\"panel-layout\" ><div id=\"pg-390-0\"  class=\"panel-grid panel-has-style\" ><div class=\"casinoheader siteorigin-panels-stretch panel-row-style panel-row-style-for-390-0\" style=\"padding: 100px 0; \" data-stretch-type=\"full-width-stretch\" data-overlay=\"true\" data-overlay-color=\"#000000\" ><div id=\"pgc-390-0-0\"  class=\"panel-grid-cell\" ><div id=\"panel-390-0-0-0\" class=\"so-panel widget widget_text panel-first-child panel-last-child\" data-index=\"0\" ><div style=\"text-align: left;\" data-title-color=\"#443f3f\" data-headings-color=\"#443f3f\" class=\"panel-widget-style panel-widget-style-for-390-0-0-0\" ><h3 class=\"widget-title\">Spielbank Neunkirchen<\/h3>\t\t\t<div class=\"textwidget\"><\/div>\n\t\t<\/div><\/div><\/div><\/div><\/div><div id=\"pg-390-1\"  class=\"panel-grid panel-has-style\" ><div class=\"siteorigin-panels-stretch panel-row-style panel-row-style-for-390-1\" style=\"padding: 100px 0; \" data-stretch-type=\"full-width-stretch\" data-overlay=\"true\" data-overlay-color=\"#000000\" ><div id=\"pgc-390-1-0\"  class=\"panel-grid-cell\" ><div id=\"panel-390-1-0-0\" class=\"so-panel widget widget_media_image panel-first-child panel-last-child\" data-index=\"1\" ><div style=\"text-align: left;\" data-title-color=\"#443f3f\" data-headings-color=\"#443f3f\" class=\"panel-widget-style panel-widget-style-for-390-1-0-0\" ><img loading=\"lazy\" decoding=\"async\" width=\"1024\" height=\"664\" src=\"https:\/\/saarland-spielbanken.de\/ssbweb\/wp-content\/uploads\/2019\/09\/NK-1024x664.jpg\" class=\"image wp-image-133  attachment-large size-large\" alt=\"\" style=\"max-width: 100%; height: auto;\" srcset=\"https:\/\/saarland-spielbanken.de\/ssbweb\/wp-content\/uploads\/2019\/09\/NK-1024x664.jpg 1024w, https:\/\/saarland-spielbanken.de\/ssbweb\/wp-content\/uploads\/2019\/09\/NK-300x195.jpg 300w, https:\/\/saarland-spielbanken.de\/ssbweb\/wp-content\/uploads\/2019\/09\/NK-768x498.jpg 768w, https:\/\/saarland-spielbanken.de\/ssbweb\/wp-content\/uploads\/2019\/09\/NK-830x538.jpg 830w, https:\/\/saarland-spielbanken.de\/ssbweb\/wp-content\/uploads\/2019\/09\/NK-230x149.jpg 230w, https:\/\/saarland-spielbanken.de\/ssbweb\/wp-content\/uploads\/2019\/09\/NK-350x227.jpg 350w, https:\/\/saarland-spielbanken.de\/ssbweb\/wp-content\/uploads\/2019\/09\/NK-480x311.jpg 480w, https:\/\/saarland-spielbanken.de\/ssbweb\/wp-content\/uploads\/2019\/09\/NK.jpg 2000w\" sizes=\"(max-width: 1024px) 100vw, 1024px\" \/><\/div><\/div><\/div><div id=\"pgc-390-1-1\"  class=\"panel-grid-cell\" ><div id=\"panel-390-1-1-0\" class=\"widget_text so-panel widget widget_custom_html panel-first-child panel-last-child\" data-index=\"2\" ><div style=\"text-align: left;\" data-title-color=\"#443f3f\" data-headings-color=\"#443f3f\" data-title_alignment=\"center\" class=\"widget_text panel-widget-style panel-widget-style-for-390-1-1-0\" ><div class=\"textwidget custom-html-widget\"><b>Fernstr. 51<br\/>\nD-66538 Neunkirchen<br\/>\nTel.:\t+49 6821 146 97<\/b> \n<br\/>\n<b>\u00d6ffnungszeiten<\/b><br\/>\nT\u00e4glich ge\u00f6ffnet von 11:00 bis 1:00 Uhr\n<br\/>\n(an Karfreitag, Allerheiligen, Volkstrauertag, Totensonntag, Heiligabend und 1. Weihnachtsfeiertag bleiben unsere Spielst\u00e4tten geschlossen) <br\/><br\/>\n<b>Eintrittspreise<\/b><br\/> Eintritt kostenlos. Kartengeb\u00fchr (10 \u20ac ab der 3. Karte)<\/div><\/div><\/div><\/div><\/div><\/div><div id=\"pg-390-2\"  class=\"panel-grid panel-has-style\" ><div class=\"siteorigin-panels-stretch panel-row-style panel-row-style-for-390-2\" style=\"padding: 100px 0; \" data-stretch-type=\"full-width-stretch\" data-overlay=\"true\" data-overlay-color=\"#000000\" ><div id=\"pgc-390-2-0\"  class=\"panel-grid-cell\" ><div id=\"panel-390-2-0-0\" class=\"so-panel widget widget_xyz_insert_php_widget panel-first-child panel-last-child\" data-index=\"3\" ><div style=\"text-align: left;\" data-title-color=\"#ffffff\" data-headings-color=\"#ffffff\" class=\"panel-widget-style panel-widget-style-for-390-2-0-0\" ><h3 class=\"widget-title\">Jackpots<\/h3><script src=\"https:\/\/code.jquery.com\/jquery-1.12.4.js\"><\/script>\r\n  <script src=\"https:\/\/code.jquery.com\/ui\/1.12.1\/jquery-ui.js\"><\/script>\r\n<script>\r\n  $( function() {\r\n    $( \".accordion\" ).accordion({\r\n      collapsible: true\r\n    });\r\n  } );\r\n  <\/script>\r\n<div class=\"accordion\">\r\n<h3>Clover Link Grand  -  12 068,40 &#8364;<\/h3><div class=\"box info no_icon\"><div class=\"\"><div class=\"divTable\"><div class=\"divTableBody\"><\/div><\/div><br style=\"clear:both\" \/><\/div><\/div><h3>Clover Link Major  -  745,29 &#8364;<\/h3><div class=\"box info no_icon\"><div class=\"\"><div class=\"divTable\"><div class=\"divTableBody\"><\/div><\/div><br style=\"clear:both\" \/><\/div><\/div><h3>Bingo  -  5 815,73 &#8364;<\/h3><div class=\"box info no_icon\"><div class=\"\"><div class=\"divTable\"><div class=\"divTableBody\"><\/div><\/div><br style=\"clear:both\" \/><\/div><\/div><h3>Poker  -  4 315,00 &#8364;<\/h3><div class=\"box info no_icon\"><div class=\"\"><div class=\"divTable\"><div class=\"divTableBody\"><\/div><\/div><br style=\"clear:both\" \/><\/div><\/div><h3>Diamond Link Grand  -  16 943,00 &#8364;<\/h3><div class=\"box info no_icon\"><div class=\"\"><div class=\"divTable\"><div class=\"divTableBody\"><\/div><\/div><br style=\"clear:both\" \/><\/div><\/div><h3>Diamond Link Major  -  10 842,30 &#8364;<\/h3><div class=\"box info no_icon\"><div class=\"\"><div class=\"divTable\"><div class=\"divTableBody\"><\/div><\/div><br style=\"clear:both\" \/><\/div><\/div><h3>Bell Link Grand  -  50 719,70 &#8364;<\/h3><div class=\"box info no_icon\"><div class=\"\"><div class=\"divTable\"><div class=\"divTableBody\"><\/div><\/div><br style=\"clear:both\" \/><\/div><\/div><h3>Bell Link Major  -  2 141,48 &#8364;<\/h3><div class=\"box info no_icon\"><div class=\"\"><div class=\"divTable\"><div class=\"divTableBody\"><\/div><\/div><br style=\"clear:both\" \/><\/div><\/div><h3>Clover Link Shared Grand  -  19 076,30 &#8364;<\/h3><div class=\"box info no_icon\"><div class=\"\"><div class=\"divTable\"><div class=\"divTableBody\"><\/div><\/div><br style=\"clear:both\" \/><\/div><\/div><h3>Clover Link Shared Major  -  1 088,19 &#8364;<\/h3><div class=\"box info no_icon\"><div class=\"\"><div class=\"divTable\"><div class=\"divTableBody\"><\/div><\/div><br style=\"clear:both\" \/><\/div><\/div>\r\n    \r\n<\/div><\/div><\/div><\/div><div id=\"pgc-390-2-1\"  class=\"panel-grid-cell\" ><div id=\"panel-390-2-1-0\" class=\"widget_text so-panel widget widget_custom_html panel-first-child panel-last-child\" data-index=\"4\" ><div style=\"text-align: left;\" data-title-color=\"#ffffff\" data-headings-color=\"#ffffff\" class=\"widget_text panel-widget-style panel-widget-style-for-390-2-1-0\" ><h3 class=\"widget-title\">Anfahrt<\/h3><div class=\"textwidget custom-html-widget\"><iframe loading=\"lazy\" src=\"https:\/\/www.google.com\/maps\/embed?pb=!1m18!1m12!1m3!1d2600.0610224832344!2d7.191278715769416!3d49.33206347933665!2m3!1f0!2f0!3f0!3m2!1i1024!2i768!4f13.1!3m3!1m2!1s0x4795c66e4e795d33%3A0x4db5193a551e785c!2sSpielbank%20Neunkirchen%20der%20Saarland%20Spielbanken!5e0!3m2!1sde!2sde!4v1569543475333!5m2!1sde!2sde\" width=\"600\" height=\"400\" frameborder=\"0\" style=\"border:0;\" allowfullscreen=\"\"><\/iframe><\/div><\/div><\/div><\/div><\/div><\/div><\/div>","protected":false},"excerpt":{"rendered":"<p>Spielbank Neunkirchen Fernstr. 51 D-66538 Neunkirchen Tel.: +49 6821 146 97 \u00d6ffnungszeiten T\u00e4glich ge\u00f6ffnet von 11:00 bis 1:00 Uhr (an Karfreitag, Allerheiligen, [&hellip;]<\/p>\n","protected":false},"author":1,"featured_media":0,"parent":0,"menu_order":0,"comment_status":"closed","ping_status":"closed","template":"page-templates\/page_front-page.php","meta":{"footnotes":""},"_links":{"self":[{"href":"https:\/\/saarland-spielbanken.de\/ssbweb\/wp-json\/wp\/v2\/pages\/390"}],"collection":[{"href":"https:\/\/saarland-spielbanken.de\/ssbweb\/wp-json\/wp\/v2\/pages"}],"about":[{"href":"https:\/\/saarland-spielbanken.de\/ssbweb\/wp-json\/wp\/v2\/types\/page"}],"author":[{"embeddable":true,"href":"https:\/\/saarland-spielbanken.de\/ssbweb\/wp-json\/wp\/v2\/users\/1"}],"replies":[{"embeddable":true,"href":"https:\/\/saarland-spielbanken.de\/ssbweb\/wp-json\/wp\/v2\/comments?post=390"}],"version-history":[{"count":11,"href":"https:\/\/saarland-spielbanken.de\/ssbweb\/wp-json\/wp\/v2\/pages\/390\/revisions"}],"predecessor-version":[{"id":1026,"href":"https:\/\/saarland-spielbanken.de\/ssbweb\/wp-json\/wp\/v2\/pages\/390\/revisions\/1026"}],"wp:attachment":[{"href":"https:\/\/saarland-spielbanken.de\/ssbweb\/wp-json\/wp\/v2\/media?parent=390"}],"curies":[{"name":"wp","href":"https:\/\/api.w.org\/{rel}","templated":true}]}}