{"id":400,"date":"2019-09-27T00:39:50","date_gmt":"2019-09-27T00:39:50","guid":{"rendered":"http:\/\/saarland-spielbanken.de\/ssbweb\/?page_id=400"},"modified":"2024-08-02T16:25:38","modified_gmt":"2024-08-02T16:25:38","slug":"casino-glueckspilz","status":"publish","type":"page","link":"https:\/\/saarland-spielbanken.de\/ssbweb\/casino-glueckspilz\/","title":{"rendered":"Casino Gl\u00fcckspilz"},"content":{"rendered":"<div id=\"pl-400\"  class=\"panel-layout\" ><div id=\"pg-400-0\"  class=\"panel-grid panel-has-style\" ><div class=\"casinoheader siteorigin-panels-stretch panel-row-style panel-row-style-for-400-0\" style=\"padding: 100px 0; \" data-stretch-type=\"full-width-stretch\" data-overlay=\"true\" data-overlay-color=\"#000000\" ><div id=\"pgc-400-0-0\"  class=\"panel-grid-cell\" ><div id=\"panel-400-0-0-0\" class=\"so-panel widget widget_text panel-first-child panel-last-child\" data-index=\"0\" ><div style=\"text-align: left;\" data-title-color=\"#443f3f\" data-headings-color=\"#443f3f\" class=\"panel-widget-style panel-widget-style-for-400-0-0-0\" ><h3 class=\"widget-title\">Casino Gl\u00fcckspilz<\/h3>\t\t\t<div class=\"textwidget\"><\/div>\n\t\t<\/div><\/div><\/div><\/div><\/div><div id=\"pg-400-1\"  class=\"panel-grid panel-has-style\" ><div class=\"siteorigin-panels-stretch panel-row-style panel-row-style-for-400-1\" style=\"padding: 100px 0; \" data-stretch-type=\"full-width-stretch\" data-overlay=\"true\" data-overlay-color=\"#000000\" ><div id=\"pgc-400-1-0\"  class=\"panel-grid-cell\" ><div id=\"panel-400-1-0-0\" class=\"so-panel widget widget_media_image panel-first-child panel-last-child\" data-index=\"1\" ><div style=\"text-align: left;\" data-title-color=\"#443f3f\" data-headings-color=\"#443f3f\" class=\"panel-widget-style panel-widget-style-for-400-1-0-0\" ><img loading=\"lazy\" decoding=\"async\" width=\"1000\" height=\"750\" src=\"https:\/\/saarland-spielbanken.de\/ssbweb\/wp-content\/uploads\/2019\/09\/GP.jpg\" class=\"image wp-image-128  attachment-full size-full\" alt=\"\" style=\"max-width: 100%; height: auto;\" srcset=\"https:\/\/saarland-spielbanken.de\/ssbweb\/wp-content\/uploads\/2019\/09\/GP.jpg 1000w, https:\/\/saarland-spielbanken.de\/ssbweb\/wp-content\/uploads\/2019\/09\/GP-300x225.jpg 300w, https:\/\/saarland-spielbanken.de\/ssbweb\/wp-content\/uploads\/2019\/09\/GP-768x576.jpg 768w, https:\/\/saarland-spielbanken.de\/ssbweb\/wp-content\/uploads\/2019\/09\/GP-830x623.jpg 830w, https:\/\/saarland-spielbanken.de\/ssbweb\/wp-content\/uploads\/2019\/09\/GP-230x173.jpg 230w, https:\/\/saarland-spielbanken.de\/ssbweb\/wp-content\/uploads\/2019\/09\/GP-350x263.jpg 350w, https:\/\/saarland-spielbanken.de\/ssbweb\/wp-content\/uploads\/2019\/09\/GP-480x360.jpg 480w\" sizes=\"(max-width: 1000px) 100vw, 1000px\" \/><\/div><\/div><\/div><div id=\"pgc-400-1-1\"  class=\"panel-grid-cell\" ><div id=\"panel-400-1-1-0\" class=\"widget_text so-panel widget widget_custom_html panel-first-child panel-last-child\" data-index=\"2\" ><div style=\"text-align: left;\" data-title-color=\"#443f3f\" data-headings-color=\"#443f3f\" data-title_alignment=\"center\" class=\"widget_text panel-widget-style panel-widget-style-for-400-1-1-0\" ><div class=\"textwidget custom-html-widget\"><b>Saaruferstr. 16 <br\/>\nD-66117 Saarbr\u00fccken <br\/>\nTel.:\t+49 681 58 55 79<br\/>\nFax.:+49 681 59 59 627<\/b> \n<br\/><br\/>\n<b>\u00d6ffnungszeiten<\/b><br\/>\nt\u00e4glich ge\u00f6ffnet von 11:00 bis 24:00 Uhr<br\/>\n(an Karfreitag, Allerheiligen, Volkstrauertag, Totensonntag, Heiligabend und 1. Weihnachtsfeiertag bleiben unsere Spielst\u00e4tten geschlossen) <br\/><br\/>\n<b>Eintrittspreise<\/b><br\/> Eintritt kostenlos. Kartengeb\u00fchr (10 \u20ac ab der 3. Karte)<\/div><\/div><\/div><\/div><\/div><\/div><div id=\"pg-400-2\"  class=\"panel-grid panel-has-style\" ><div class=\"siteorigin-panels-stretch panel-row-style panel-row-style-for-400-2\" style=\"padding: 100px 0; \" data-stretch-type=\"full-width-stretch\" data-overlay=\"true\" data-overlay-color=\"#000000\" ><div id=\"pgc-400-2-0\"  class=\"panel-grid-cell\" ><div id=\"panel-400-2-0-0\" class=\"so-panel widget widget_xyz_insert_php_widget panel-first-child panel-last-child\" data-index=\"3\" ><div style=\"text-align: center;\" data-title-color=\"#ffffff\" data-headings-color=\"#ffffff\" class=\"panel-widget-style panel-widget-style-for-400-2-0-0\" ><h3 class=\"widget-title\">Jackpots<\/h3><script src=\"https:\/\/code.jquery.com\/jquery-1.12.4.js\"><\/script>\r\n  <script src=\"https:\/\/code.jquery.com\/ui\/1.12.1\/jquery-ui.js\"><\/script>\r\n<script>\r\n  $( function() {\r\n    $( \".accordion\" ).accordion({\r\n      collapsible: true\r\n    });\r\n  } );\r\n  <\/script>\r\n<div class=\"accordion\">\r\n\r\n    \r\n<\/div><\/div><\/div><\/div><div id=\"pgc-400-2-1\"  class=\"panel-grid-cell\" ><div id=\"panel-400-2-1-0\" class=\"widget_text so-panel widget widget_custom_html panel-first-child panel-last-child\" data-index=\"4\" ><div style=\"text-align: center;\" data-title-color=\"#ffffff\" data-headings-color=\"#443f3f\" class=\"widget_text panel-widget-style panel-widget-style-for-400-2-1-0\" ><h3 class=\"widget-title\">Anfahrt<\/h3><div class=\"textwidget custom-html-widget\"><iframe loading=\"lazy\" src=\"https:\/\/www.google.com\/maps\/embed?pb=!1m18!1m12!1m3!1d2605.1360473170507!2d6.987195315766141!3d49.23590977932628!2m3!1f0!2f0!3f0!3m2!1i1024!2i768!4f13.1!3m3!1m2!1s0x4795b6a9f8121515%3A0xbc0aee33607b03d1!2sSaarland%20Spielbank%20Casino%20Gl%C3%BCckspilz!5e0!3m2!1sde!2sde!4v1569544714815!5m2!1sde!2sde\" width=\"600\" height=\"400\" frameborder=\"0\" style=\"border:0;\" allowfullscreen=\"\"><\/iframe><\/div><\/div><\/div><\/div><\/div><\/div><\/div>","protected":false},"excerpt":{"rendered":"<p>Casino Gl\u00fcckspilz Saaruferstr. 16 D-66117 Saarbr\u00fccken Tel.: +49 681 58 55 79 Fax.:+49 681 59 59 627 \u00d6ffnungszeiten t\u00e4glich ge\u00f6ffnet von 11:00 [&hellip;]<\/p>\n","protected":false},"author":1,"featured_media":0,"parent":0,"menu_order":0,"comment_status":"closed","ping_status":"closed","template":"page-templates\/page_front-page.php","meta":{"footnotes":""},"_links":{"self":[{"href":"https:\/\/saarland-spielbanken.de\/ssbweb\/wp-json\/wp\/v2\/pages\/400"}],"collection":[{"href":"https:\/\/saarland-spielbanken.de\/ssbweb\/wp-json\/wp\/v2\/pages"}],"about":[{"href":"https:\/\/saarland-spielbanken.de\/ssbweb\/wp-json\/wp\/v2\/types\/page"}],"author":[{"embeddable":true,"href":"https:\/\/saarland-spielbanken.de\/ssbweb\/wp-json\/wp\/v2\/users\/1"}],"replies":[{"embeddable":true,"href":"https:\/\/saarland-spielbanken.de\/ssbweb\/wp-json\/wp\/v2\/comments?post=400"}],"version-history":[{"count":9,"href":"https:\/\/saarland-spielbanken.de\/ssbweb\/wp-json\/wp\/v2\/pages\/400\/revisions"}],"predecessor-version":[{"id":1022,"href":"https:\/\/saarland-spielbanken.de\/ssbweb\/wp-json\/wp\/v2\/pages\/400\/revisions\/1022"}],"wp:attachment":[{"href":"https:\/\/saarland-spielbanken.de\/ssbweb\/wp-json\/wp\/v2\/media?parent=400"}],"curies":[{"name":"wp","href":"https:\/\/api.w.org\/{rel}","templated":true}]}}