{"id":409,"date":"2019-09-27T00:49:02","date_gmt":"2019-09-27T00:49:02","guid":{"rendered":"http:\/\/saarland-spielbanken.de\/ssbweb\/?page_id=409"},"modified":"2024-08-02T16:27:03","modified_gmt":"2024-08-02T16:27:03","slug":"casino-saarlouis","status":"publish","type":"page","link":"https:\/\/saarland-spielbanken.de\/ssbweb\/casino-saarlouis\/","title":{"rendered":"Casino Saarlouis"},"content":{"rendered":"<div id=\"pl-409\"  class=\"panel-layout\" ><div id=\"pg-409-0\"  class=\"panel-grid panel-has-style\" ><div class=\"casinoheader siteorigin-panels-stretch panel-row-style panel-row-style-for-409-0\" style=\"padding: 100px 0; \" data-stretch-type=\"full-width-stretch\" data-overlay=\"true\" data-overlay-color=\"#000000\" ><div id=\"pgc-409-0-0\"  class=\"panel-grid-cell\" ><div id=\"panel-409-0-0-0\" class=\"so-panel widget widget_text panel-first-child panel-last-child\" data-index=\"0\" ><div style=\"text-align: left;\" data-title-color=\"#443f3f\" data-headings-color=\"#443f3f\" class=\"panel-widget-style panel-widget-style-for-409-0-0-0\" ><h3 class=\"widget-title\">Casino Saarlouis<\/h3>\t\t\t<div class=\"textwidget\"><\/div>\n\t\t<\/div><\/div><\/div><\/div><\/div><div id=\"pg-409-1\"  class=\"panel-grid panel-has-style\" ><div class=\"siteorigin-panels-stretch panel-row-style panel-row-style-for-409-1\" style=\"padding: 100px 0; \" data-stretch-type=\"full-width-stretch\" data-overlay=\"true\" data-overlay-color=\"#000000\" ><div id=\"pgc-409-1-0\"  class=\"panel-grid-cell\" ><div id=\"panel-409-1-0-0\" class=\"so-panel widget widget_media_image panel-first-child panel-last-child\" data-index=\"1\" ><div style=\"text-align: left;\" data-title-color=\"#443f3f\" data-headings-color=\"#443f3f\" class=\"panel-widget-style panel-widget-style-for-409-1-0-0\" ><img loading=\"lazy\" decoding=\"async\" width=\"1024\" height=\"682\" src=\"https:\/\/saarland-spielbanken.de\/ssbweb\/wp-content\/uploads\/2019\/09\/SLS-1024x682.jpg\" class=\"image wp-image-134  attachment-large size-large\" alt=\"\" style=\"max-width: 100%; height: auto;\" srcset=\"https:\/\/saarland-spielbanken.de\/ssbweb\/wp-content\/uploads\/2019\/09\/SLS-1024x682.jpg 1024w, https:\/\/saarland-spielbanken.de\/ssbweb\/wp-content\/uploads\/2019\/09\/SLS-300x200.jpg 300w, https:\/\/saarland-spielbanken.de\/ssbweb\/wp-content\/uploads\/2019\/09\/SLS-768x512.jpg 768w, https:\/\/saarland-spielbanken.de\/ssbweb\/wp-content\/uploads\/2019\/09\/SLS-830x553.jpg 830w, https:\/\/saarland-spielbanken.de\/ssbweb\/wp-content\/uploads\/2019\/09\/SLS-230x153.jpg 230w, https:\/\/saarland-spielbanken.de\/ssbweb\/wp-content\/uploads\/2019\/09\/SLS-350x233.jpg 350w, https:\/\/saarland-spielbanken.de\/ssbweb\/wp-content\/uploads\/2019\/09\/SLS-480x320.jpg 480w, https:\/\/saarland-spielbanken.de\/ssbweb\/wp-content\/uploads\/2019\/09\/SLS.jpg 2000w\" sizes=\"(max-width: 1024px) 100vw, 1024px\" \/><\/div><\/div><\/div><div id=\"pgc-409-1-1\"  class=\"panel-grid-cell\" ><div id=\"panel-409-1-1-0\" class=\"widget_text so-panel widget widget_custom_html panel-first-child panel-last-child\" data-index=\"2\" ><div style=\"text-align: left;\" data-title-color=\"#443f3f\" data-headings-color=\"#443f3f\" data-title_alignment=\"center\" class=\"widget_text panel-widget-style panel-widget-style-for-409-1-1-0\" ><div class=\"textwidget custom-html-widget\"><b>Gro\u00dfer Markt 10 <br\/>\nD-66740 Saarlouis <br\/>\nTel.:\t+49 6831 403 69<br\/>\nFax.:+49 6831 403 99<\/b> \n<br\/><br\/>\n<b>\u00d6ffnungszeiten<\/b><br\/>\nt\u00e4glich ge\u00f6ffnet von 12:30 bis 0:30 Uhr<br\/><br\/>\n(an Karfreitag, Allerheiligen, Volkstrauertag, Totensonntag, Heiligabend und 1. Weihnachtsfeiertag bleiben unsere Spielst\u00e4tten geschlossen) <br\/><br\/>\n<b>Eintrittspreise<\/b><br\/> Eintritt kostenlos. Kartengeb\u00fchr (10 \u20ac ab der 3. Karte)<\/div><\/div><\/div><\/div><\/div><\/div><div id=\"pg-409-2\"  class=\"panel-grid panel-has-style\" ><div class=\"siteorigin-panels-stretch panel-row-style panel-row-style-for-409-2\" style=\"padding: 100px 0; \" data-stretch-type=\"full-width-stretch\" data-overlay=\"true\" data-overlay-color=\"#000000\" ><div id=\"pgc-409-2-0\"  class=\"panel-grid-cell\" ><div id=\"panel-409-2-0-0\" class=\"so-panel widget widget_xyz_insert_php_widget panel-first-child panel-last-child\" data-index=\"3\" ><div style=\"text-align: center;\" data-title-color=\"#ffffff\" data-headings-color=\"#ffffff\" class=\"panel-widget-style panel-widget-style-for-409-2-0-0\" ><h3 class=\"widget-title\">Jackpots<\/h3><script src=\"https:\/\/code.jquery.com\/jquery-1.12.4.js\"><\/script>\r\n  <script src=\"https:\/\/code.jquery.com\/ui\/1.12.1\/jquery-ui.js\"><\/script>\r\n<script>\r\n  $( function() {\r\n    $( \".accordion\" ).accordion({\r\n      collapsible: true\r\n    });\r\n  } );\r\n  <\/script>\r\n<div class=\"accordion\">\r\n<h3>Bingo  -  325,28 &#8364;<\/h3><div class=\"box info no_icon\"><div class=\"\"><div class=\"divTable\"><div class=\"divTableBody\"><\/div><\/div><br style=\"clear:both\" \/><\/div><\/div><h3>  -  387,33 &#8364;<\/h3><div class=\"box info no_icon\"><div class=\"\"><div class=\"divTable\"><div class=\"divTableBody\"><\/div><\/div><br style=\"clear:both\" \/><\/div><\/div><h3>Kleiner Markt  -  274,42 &#8364;<\/h3><div class=\"box info no_icon\"><div class=\"\"><div class=\"divTable\"><div class=\"divTableBody\"><\/div><\/div><br style=\"clear:both\" \/><\/div><\/div><h3>Vegas  -  966,92 &#8364;<\/h3><div class=\"box info no_icon\"><div class=\"\"><div class=\"divTable\"><div class=\"divTableBody\"><\/div><\/div><br style=\"clear:both\" \/><\/div><\/div>\r\n    \r\n<\/div><\/div><\/div><\/div><div id=\"pgc-409-2-1\"  class=\"panel-grid-cell\" ><div id=\"panel-409-2-1-0\" class=\"widget_text so-panel widget widget_custom_html panel-first-child panel-last-child\" data-index=\"4\" ><div style=\"text-align: left;\" data-title-color=\"#ffffff\" data-headings-color=\"#ffffff\" class=\"widget_text panel-widget-style panel-widget-style-for-409-2-1-0\" ><h3 class=\"widget-title\">Anfahrt<\/h3><div class=\"textwidget custom-html-widget\"><iframe loading=\"lazy\" src=\"https:\/\/www.google.com\/maps\/embed?pb=!1m18!1m12!1m3!1d20799.747445065263!2d6.720657132563472!3d49.333816477548744!2m3!1f0!2f0!3f0!3m2!1i1024!2i768!4f13.1!3m3!1m2!1s0x4795a861f0fc5c01%3A0xdfbb8da292c422f0!2sCasino%20Saarlouis%20der%20Saarland%20Spielbank!5e0!3m2!1sde!2sde!4v1569545305242!5m2!1sde!2sde\" width=\"600\" height=\"400\" frameborder=\"0\" style=\"border:0;\" allowfullscreen=\"\"><\/iframe><\/div><\/div><\/div><\/div><\/div><\/div><\/div>","protected":false},"excerpt":{"rendered":"<p>Casino Saarlouis Gro\u00dfer Markt 10 D-66740 Saarlouis Tel.: +49 6831 403 69 Fax.:+49 6831 403 99 \u00d6ffnungszeiten t\u00e4glich ge\u00f6ffnet von 12:30 bis [&hellip;]<\/p>\n","protected":false},"author":1,"featured_media":0,"parent":0,"menu_order":0,"comment_status":"closed","ping_status":"closed","template":"page-templates\/page_front-page.php","meta":{"footnotes":""},"_links":{"self":[{"href":"https:\/\/saarland-spielbanken.de\/ssbweb\/wp-json\/wp\/v2\/pages\/409"}],"collection":[{"href":"https:\/\/saarland-spielbanken.de\/ssbweb\/wp-json\/wp\/v2\/pages"}],"about":[{"href":"https:\/\/saarland-spielbanken.de\/ssbweb\/wp-json\/wp\/v2\/types\/page"}],"author":[{"embeddable":true,"href":"https:\/\/saarland-spielbanken.de\/ssbweb\/wp-json\/wp\/v2\/users\/1"}],"replies":[{"embeddable":true,"href":"https:\/\/saarland-spielbanken.de\/ssbweb\/wp-json\/wp\/v2\/comments?post=409"}],"version-history":[{"count":5,"href":"https:\/\/saarland-spielbanken.de\/ssbweb\/wp-json\/wp\/v2\/pages\/409\/revisions"}],"predecessor-version":[{"id":1024,"href":"https:\/\/saarland-spielbanken.de\/ssbweb\/wp-json\/wp\/v2\/pages\/409\/revisions\/1024"}],"wp:attachment":[{"href":"https:\/\/saarland-spielbanken.de\/ssbweb\/wp-json\/wp\/v2\/media?parent=409"}],"curies":[{"name":"wp","href":"https:\/\/api.w.org\/{rel}","templated":true}]}}