{"id":849,"date":"2023-05-22T11:54:49","date_gmt":"2023-05-22T11:54:49","guid":{"rendered":"https:\/\/saarland-spielbanken.de\/ssbweb\/?page_id=849"},"modified":"2023-08-01T12:20:53","modified_gmt":"2023-08-01T12:20:53","slug":"concept-de-jeu-responsable","status":"publish","type":"page","link":"https:\/\/saarland-spielbanken.de\/ssbweb\/concept-de-jeu-responsable\/","title":{"rendered":"Concept de jeu responsable"},"content":{"rendered":"\n<h2 class=\"wp-block-heading has-text-align-center\"><strong>Responsible Gaming<\/strong><\/h2>\n\n\n<div class=\"wp-block-image\">\n<figure class=\"aligncenter size-full is-resized\"><img loading=\"lazy\" decoding=\"async\" src=\"https:\/\/saarland-spielbanken.de\/ssbweb\/wp-content\/uploads\/2023\/05\/image.png\" alt=\"\" class=\"wp-image-854\" width=\"478\" height=\"478\" srcset=\"https:\/\/saarland-spielbanken.de\/ssbweb\/wp-content\/uploads\/2023\/05\/image.png 960w, https:\/\/saarland-spielbanken.de\/ssbweb\/wp-content\/uploads\/2023\/05\/image-300x300.png 300w, https:\/\/saarland-spielbanken.de\/ssbweb\/wp-content\/uploads\/2023\/05\/image-150x150.png 150w, https:\/\/saarland-spielbanken.de\/ssbweb\/wp-content\/uploads\/2023\/05\/image-768x768.png 768w, https:\/\/saarland-spielbanken.de\/ssbweb\/wp-content\/uploads\/2023\/05\/image-230x230.png 230w, https:\/\/saarland-spielbanken.de\/ssbweb\/wp-content\/uploads\/2023\/05\/image-350x350.png 350w, https:\/\/saarland-spielbanken.de\/ssbweb\/wp-content\/uploads\/2023\/05\/image-480x480.png 480w\" sizes=\"(max-width: 478px) 100vw, 478px\" \/><\/figure><\/div>\n\n\n<p><\/p>\n\n\n\n<p>L\u2019accent particulier du \u00ab&nbsp;Concept de jeu responsable&nbsp;\u00bb r\u00e9side dans la pr\u00e9vention et la d\u00e9tection pr\u00e9coce des comportements probl\u00e9matiques de jeu. Dans la partie op\u00e9rationnelle du concept, l\u2019accent est mis sur les interventions, qui sont initi\u00e9es lorsqu\u2019il existe des signes reconnaissables de comportement de jeu probl\u00e9matique. Afin de remplir le mandat l\u00e9gal, les objectifs des processus individuels sont d\u00e9finis et contr\u00f4l\u00e9s.<\/p>\n\n\n\n<p>La pr\u00e9vention de la d\u00e9pendance au jeu est une pr\u00e9occupation majeure pour la Saarland-Spielbank GmbH. Le personnel de la Saarland-Spielbank GmbH est form\u00e9 \u00e0 tous les aspects des op\u00e9rations de jeu et plus particuli\u00e8rement \u00e0 la reconnaissance des joueurs \u00e0 risque de d\u00e9pendance. La Saarland-Spielbank GmbH souligne que malgr\u00e9 toute la fascination et le plaisir du jeu, il existe un risque r\u00e9el. Le jeu excessif peut entrainer une addiction et, en fin de compte, une d\u00e9pendance. Consid\u00e9rez le jeu comme une activit\u00e9 purement r\u00e9cr\u00e9ative. Nous sommes heureux de vous aider \u00e0 faire en sorte que jouer avec nous reste un plaisir. Par mesure de pr\u00e9caution, nous tenons \u00e0 souligner qu\u2019un certain degr\u00e9 de responsabilit\u00e9 personnelle vous incombe.<\/p>\n\n\n\n<p><strong>Trois phases d\u2019une d\u00e9pendance au jeu<\/strong><\/p>\n\n\n\n<ol type=\"1\">\n<li><strong>La phase initiative positive \/ phase de profit<\/strong><\/li>\n<\/ol>\n\n\n\n<p>Dans cette premi\u00e8re phase, le joueur per\u00e7oit principalement les b\u00e9n\u00e9fices qu\u2019il r\u00e9alise. Ici les premi\u00e8res exp\u00e9riences, majoritairement positives, souvent euphoriques avec les jeux de hasard comme les machines \u00e0 sous et les jeux de tables (roulette, blackjack \u2026). Tous les gains qui se produisent sont g\u00e9n\u00e9ralement attribu\u00e9s \u00e0 ses propres comp\u00e9tences ou capacit\u00e9s plut\u00f4t qu\u2019au hasard. Ces exp\u00e9riences positives renforcent la confiance en soi du joueur. Cela augmente leur volont\u00e9 de continuer \u00e0 jouer. Dans cette phase, la volont\u00e9 de prendre des risques augmente souvent. Les pertes in\u00e9vitables conduisent \u00e0 jouer de plus en plus pour regagner l\u2019argent perdu (Chasing). La volont\u00e9 des joueurs de prendre des risques augmente g\u00e9n\u00e9ralement encore plus.<\/p>\n\n\n\n<ul>\n<li><strong>La phase perdante<\/strong><\/li>\n<\/ul>\n\n\n\n<p>Les joueurs passent de plus en plus de temps dessus, les enjeux augmentent et la volont\u00e9 de prendre des risques augmentent. In\u00e9vitablement, cette phase entraine des pertes toujours plus importantes et une poursuite accrue. Vous continuez \u00e0 jouer, en pariant des sommes toujours plus importantes pour regagner l\u2019argent que vous avez perdu. C\u2019est l\u00e0 que commence l\u2019\u00e9loignement rampant de la famille et des amis. Les joueurs s\u2019isolent de plus en plus. Mais ils sont convaincus qu\u2019ils peuvent reprendre le contr\u00f4le de leur situation d\u2019endettement. Et \u00ab&nbsp;D\u00e8s que je n\u2019aurai plus de dettes, j\u2019arr\u00eaterai de jouer&nbsp;\u00bb est une d\u00e9claration typique dans cette phase.<\/p>\n\n\n\n<ul>\n<li><strong>La phase de d\u00e9sespoir<\/strong><\/li>\n<\/ul>\n\n\n\n<p>Enfin, le jeu devient l\u2019activit\u00e9 dominante de la journ\u00e9e, tout le reste est supprim\u00e9. La perte de relations, de famille et de travail peut en \u00eatre les cons\u00e9quences. Le jeu compulsif se transforme progressivement en d\u00e9pendance au jeu. Les phases mentionn\u00e9es sont d\u00e9crites aux titres d\u2019exemples. Leur s\u00e9quence ou le type de transitions peuvent varier individuellement.<\/p>\n\n\n\n<p>Conseils pour les familles et les proches touches<\/p>\n\n\n\n<ul>\n<li>Ne pr\u00eatez pas d\u2019argent \u00e0 votre partenaire de jeu ou \u00e0 une connaissance<\/li>\n\n\n\n<li>Ne contractez pas de pr\u00eats<\/li>\n\n\n\n<li>Ne payez pas de factures<\/li>\n\n\n\n<li>Arrangez-vous pour rembourser la dette si la personne vous a d\u00e9j\u00e0 emprunt\u00e9 de l\u2019argent<\/li>\n\n\n\n<li>&nbsp;Contactez une agence sp\u00e9cialis\u00e9e ou contactez-nous, car les agences sp\u00e9cialis\u00e9es et nous-m\u00eame sommes \u00e9galement l\u00e0 pour les proches.<\/li>\n<\/ul>\n\n\n\n<p><strong>Jeu responsable<\/strong><\/p>\n\n\n\n<p>Une \u00e9quipe de la Saarland-Spielbank GmbH est disponible pour la planification, l\u2019organisation et la mise en \u0153uvre du Concept de jeu responsable. Les joueurs \u00e0 risque d\u2019addiction et leurs proches peuvent contacter cette \u00e9quipe \u00e0 tout moment. La Saarland-Spielbank GmbH travaille avec le \u00ab&nbsp;Service d\u2019Etat pour la d\u00e9pendance au jeu&nbsp;\u00bb de la Sarre sous le parrainage de l\u2019association Caritas de Sarrebruck.<\/p>\n\n\n\n<p><strong>Contact&nbsp;:<\/strong><\/p>\n\n\n\n<p><strong>Saarland-Spielbanken<\/strong><\/p>\n\n\n\n<p><a href=\"mailto:spielerschutz@saarland-spielbanken.de\">spielerschutz@saarland-spielbanken.de<\/a><\/p>\n\n\n\n<p>T\u00e9l\u00e9phone +49 (0) 1735902909<\/p>\n\n\n\n<p><\/p>\n\n\n\n<p><strong>OASIS Syst\u00e8me de blocage des joueurs<\/strong><\/p>\n\n\n\n<p><a href=\"https:\/\/rp-darmstadt.hessen.de\/sicherheit-und-kommunales\/gluecksspiel\/spielersperrsystem-oasis\/spieler-faqs\" target=\"_blank\" rel=\"noreferrer noopener\">Syst\u00e8me de blocage des joueurs OASIS (FAQs et formulaires des joueurs)<\/a><\/p>\n\n\n\n<p>spieleranfragenoasis@rpda.hessen.de<\/p>\n\n\n\n<p>T\u00e9l\u00e9phone +49 (0) 615 11 25 465<\/p>\n\n\n\n<p><strong>Centre de conseil et de traitement psychosocial<\/strong><\/p>\n\n\n\n<p>Maison de Caritas<\/p>\n\n\n\n<p>Johannisstr. 2<\/p>\n\n\n\n<p>D-66111 Sarrebruck<\/p>\n\n\n\n<p>T\u00e9l\u00e9phone +49 (0) 681-30 90 650<\/p>\n\n\n\n<p>Fax&nbsp;&nbsp;&nbsp;&nbsp;&nbsp;&nbsp;&nbsp;&nbsp;&nbsp;&nbsp;&nbsp;&nbsp;&nbsp;&nbsp;&nbsp; +49 (0) 861-30 90 652<\/p>\n\n\n\n<p>Email&nbsp;:&nbsp;<a href=\"mailto:psb@caritas-saarbruecken.de\">psb@caritas-saarbruecken.de<\/a><\/p>\n\n\n\n<p>En outre, le Centre f\u00e9d\u00e9ral d\u2019\u00e9ducation \u00e0 la sant\u00e9 (BzgA) propose une hotline pour les personnes concern\u00e9es et leurs proches.<\/p>\n\n\n<div class=\"wp-block-image\">\n<figure class=\"aligncenter\"><img decoding=\"async\" src=\"https:\/\/poker-saar.de\/ssbweb\/wp-content\/uploads\/2022\/09\/telefon.png\" alt=\"\" class=\"wp-image-855\"\/><\/figure><\/div>\n\n\n<p>Accro au jeu&nbsp;? \u2013 VERIFIEZ VOTRE JEU<\/p>\n\n\n\n<p>(check-dein-spiel.de)<\/p>\n\n\n\n<p><strong>Testez-vous<\/strong><\/p>\n\n\n\n<p>A t\u00e9l\u00e9charger&nbsp;:<\/p>\n\n\n\n<p>Liste de contr\u00f4le en 20 points (PDF, 16 Ko)<\/p>\n\n\n\n<p>(Pour voir la liste de contr\u00f4le, cliquez simplement ici, pour t\u00e9l\u00e9charger, faites un clic droit, puis \u00ab&nbsp;Enregistrer la cible sous\u2026&nbsp;\u00bb)<\/p>\n\n\n\n<p><strong>Suspension de jeu<\/strong><\/p>\n\n\n\n<p>Si vous souhaitez \u00eatre bloque par mesure de pr\u00e9caution, vous pouvez le faire soit en personne soit en utilisant notre formulaire \u00ab&nbsp;Demande de blocage&nbsp;\u00bb sur cette page. Dans des cas particuliers, nous nous r\u00e9servons le droit d\u2019imposer unilat\u00e9ralement des suspensions de jeu. Ceci est fait apr\u00e8s consultation de notre \u00e9quipe de Jeu Responsable, d\u00e8s qu\u2019il y a des raisons de croire qu\u2019un invit\u00e9 n\u2019est plus maitre de son comportement de jeu.<\/p>\n\n\n\n<p><strong>Formulaire de demande de blocage<\/strong><\/p>\n\n\n\n<p>A t\u00e9l\u00e9charger&nbsp;:<\/p>\n\n\n\n<p>Demande d\u2019interdiction (PDF)<\/p>\n\n\n\n<p>(Pour afficher la demande d\u2019interdiction, cliquez simplement ici, pour t\u00e9l\u00e9charger, cliquez avec le bouton droit de la souris, puis sur \u00ab&nbsp;Enregistrer la cible sous\u2026&nbsp;\u00bb)<\/p>\n","protected":false},"excerpt":{"rendered":"<p>Responsible Gaming L\u2019accent particulier du \u00ab&nbsp;Concept de jeu responsable&nbsp;\u00bb r\u00e9side dans la pr\u00e9vention et la d\u00e9tection pr\u00e9coce des comportements probl\u00e9matiques de jeu. [&hellip;]<\/p>\n","protected":false},"author":1,"featured_media":0,"parent":0,"menu_order":0,"comment_status":"closed","ping_status":"closed","template":"","meta":{"footnotes":""},"_links":{"self":[{"href":"https:\/\/saarland-spielbanken.de\/ssbweb\/wp-json\/wp\/v2\/pages\/849"}],"collection":[{"href":"https:\/\/saarland-spielbanken.de\/ssbweb\/wp-json\/wp\/v2\/pages"}],"about":[{"href":"https:\/\/saarland-spielbanken.de\/ssbweb\/wp-json\/wp\/v2\/types\/page"}],"author":[{"embeddable":true,"href":"https:\/\/saarland-spielbanken.de\/ssbweb\/wp-json\/wp\/v2\/users\/1"}],"replies":[{"embeddable":true,"href":"https:\/\/saarland-spielbanken.de\/ssbweb\/wp-json\/wp\/v2\/comments?post=849"}],"version-history":[{"count":3,"href":"https:\/\/saarland-spielbanken.de\/ssbweb\/wp-json\/wp\/v2\/pages\/849\/revisions"}],"predecessor-version":[{"id":894,"href":"https:\/\/saarland-spielbanken.de\/ssbweb\/wp-json\/wp\/v2\/pages\/849\/revisions\/894"}],"wp:attachment":[{"href":"https:\/\/saarland-spielbanken.de\/ssbweb\/wp-json\/wp\/v2\/media?parent=849"}],"curies":[{"name":"wp","href":"https:\/\/api.w.org\/{rel}","templated":true}]}}